{"id":8087,"date":"2025-03-04T09:20:13","date_gmt":"2025-03-04T08:20:13","guid":{"rendered":"https:\/\/www.12springssports.com\/okategoriserad\/aircover-springboard-10-cm\/"},"modified":"2026-04-14T13:19:33","modified_gmt":"2026-04-14T11:19:33","slug":"aircover-springboard-10-cm","status":"publish","type":"product","link":"https:\/\/www.12springssports.com\/sv\/airprodukter\/metodiska-luftprodukter\/aircover-springboard-10-cm\/","title":{"rendered":"AirCover &#8211; Springboard | 10 cm"},"content":{"rendered":"\n<h2 class=\"wp-block-heading has-text-align-center\">G\u00f6r satsbr\u00e4dan mjukare och mer skonsam<\/h2>\n\n<p>AirCover &#8211; Springboard \u00e4r den optimala gymnastikmattan f\u00f6r att f\u00f6rb\u00e4ttra din tr\u00e4ningsupplevelse med satsbr\u00e4dor. Utvecklad enligt principerna f\u00f6r \u201cskonsam gymnastik\u201d inom KNGU f\u00f6r att minska den fysiska belastningen p\u00e5 idrottaren. Den \u00e4r 124 cm l\u00e5ng, 60 cm bred och 10 cm tjock, vilket g\u00f6r den l\u00e4mplig f\u00f6r alla \u00e5ldrar, grupper och tr\u00e4ningsniv\u00e5er. Med D-ringar och nylonremmar p\u00e5 sidorna kan du enkelt f\u00e4sta AirCover &#8211; Springboard p\u00e5 din satsbr\u00e4da. Den medf\u00f6ljande elektriska pumpen g\u00f6r att du \u00e4r redo att tr\u00e4na p\u00e5 nolltid.    <\/p>\n\n<p>AirCover &#8211; Springboard har en robust design och fungerar som ett s\u00e4kert och skonsamt metodverktyg f\u00f6r att l\u00e4ra sig nya gymnastik- och akrobatikelement. Den minskar skaderisken och skyddar kroppen under tr\u00e4ningen. De extra f\u00f6rst\u00e4rkta tr\u00e5darna i AirCover ger b\u00e5de styrka och j\u00e4mnt tryck, och du kan enkelt justera trycket och h\u00e5rdheten beroende p\u00e5 \u00e5lder, vikt och tr\u00e4ningsniv\u00e5.  <\/p>\n\n<p>Handgjord av h\u00f6gkvalitativt och slitstarkt PVC-material (Double Wall Fabric) med limmade s\u00f6mmar f\u00f6r fullst\u00e4ndig luft- och vattent\u00e4thet. Den tjockare kanten g\u00f6r den extra h\u00e5llbar och slitstark. AirCover &#8211; Springboard \u00e4r kompakt och l\u00e4tt och levereras med en praktisk v\u00e4ska f\u00f6r enkel transport och f\u00f6rvaring.  <\/p>\n\n<div class=\"wp-block-stackable-columns stk-block-columns stk-block stk-30d5dcf\" data-block-id=\"30d5dcf\"><style>.stk-30d5dcf .stk--block-align-30d5dcf{align-items:center !important;}.stk-30d5dcf {margin-bottom:60px !important;}<\/style><div class=\"stk-row stk-inner-blocks stk--block-align-30d5dcf stk-block-content stk-content-align stk-30d5dcf-column\">\n<div class=\"wp-block-stackable-column stk-block-column stk-column stk-block stk-3e03b1f\" data-v=\"4\" data-block-id=\"3e03b1f\"><style>.stk-3e03b1f {padding-top:15px !important;padding-right:15px !important;padding-bottom:15px !important;padding-left:15px !important;}@media screen and (max-width:689px){.stk-3e03b1f {padding-top:0px !important;padding-right:0px !important;padding-bottom:0px !important;padding-left:0px !important;}}<\/style><div class=\"stk-column-wrapper stk-block-column__content stk-container stk-3e03b1f-container stk--no-background stk--no-padding\"><div class=\"stk-block-content stk-inner-blocks stk-3e03b1f-inner-blocks\">\n<h3 class=\"wp-block-heading has-text-align-left\" id=\"extra-durability\">Varf\u00f6r AirCover &#8211; Springboard?<\/h3>\n\n\n\n<div class=\"wp-block-stackable-icon-list stk-block-icon-list stk-block stk-b388d47\" data-block-id=\"b388d47\"><svg style=\"display:none\"><defs><g id=\"stk-icon-list__icon-svg-def-b388d47\"><svg xmlns=\"http:\/\/www.w3.org\/2000\/svg\" viewBox=\"0 0 190 190\"><polygon points=\"173.8,28.4 60.4,141.8 15.7,97.2 5.1,107.8 60.4,163 184.4,39 173.8,28.4\"\/><\/svg><\/g><\/defs><\/svg><ul class=\"stk-block-icon-list__ul stk-block-icon-list--column\">\n<li class=\"wp-block-stackable-icon-list-item stk-block-icon-list-item stk-block stk-2743d09\" data-block-id=\"2743d09\"><div class=\"stk-block-icon-list-item__content\"><span class=\"stk--svg-wrapper\"><div class=\"stk--inner-svg\"><svg aria-hidden=\"true\" width=\"32\" height=\"32\"><use xlink:href=\"#stk-icon-list__icon-svg-def-b388d47\"\/><\/svg><\/div><\/span><span class=\"stk-block-icon-list-item__text\">Utvecklad enligt principerna f\u00f6r \u201cskonsam gymnastik\u201d.<\/span><\/div><\/li>\n\n\n\n<li class=\"wp-block-stackable-icon-list-item stk-block-icon-list-item stk-block stk-682b0b9\" data-block-id=\"682b0b9\"><div class=\"stk-block-icon-list-item__content\"><span class=\"stk--svg-wrapper\"><div class=\"stk--inner-svg\"><svg aria-hidden=\"true\" width=\"32\" height=\"32\"><use xlink:href=\"#stk-icon-list__icon-svg-def-b388d47\"\/><\/svg><\/div><\/span><span class=\"stk-block-icon-list-item__text\">Minskar den fysiska p\u00e5frestningen p\u00e5 idrottaren<\/span><\/div><\/li>\n\n\n\n<li class=\"wp-block-stackable-icon-list-item stk-block-icon-list-item stk-block stk-f5a1ff3\" data-block-id=\"f5a1ff3\"><div class=\"stk-block-icon-list-item__content\"><span class=\"stk--svg-wrapper\"><div class=\"stk--inner-svg\"><svg aria-hidden=\"true\" width=\"32\" height=\"32\"><use xlink:href=\"#stk-icon-list__icon-svg-def-b388d47\"\/><\/svg><\/div><\/span><span class=\"stk-block-icon-list-item__text\">L\u00e4mplig f\u00f6r alla \u00e5ldrar, grupper och kunskapsniv\u00e5er<\/span><\/div><\/li>\n\n\n\n<li class=\"wp-block-stackable-icon-list-item stk-block-icon-list-item stk-block stk-96c021a\" data-block-id=\"96c021a\"><div class=\"stk-block-icon-list-item__content\"><span class=\"stk--svg-wrapper\"><div class=\"stk--inner-svg\"><svg aria-hidden=\"true\" width=\"32\" height=\"32\"><use xlink:href=\"#stk-icon-list__icon-svg-def-b388d47\"\/><\/svg><\/div><\/span><span class=\"stk-block-icon-list-item__text\">Kan f\u00e4stas p\u00e5 ett s\u00e4kert s\u00e4tt p\u00e5 alla typer av satsbr\u00e4dor<\/span><\/div><\/li>\n\n\n\n<li class=\"wp-block-stackable-icon-list-item stk-block-icon-list-item stk-block stk-9fcfef9\" data-block-id=\"9fcfef9\"><div class=\"stk-block-icon-list-item__content\"><span class=\"stk--svg-wrapper\"><div class=\"stk--inner-svg\"><svg aria-hidden=\"true\" width=\"32\" height=\"32\"><use xlink:href=\"#stk-icon-list__icon-svg-def-b388d47\"\/><\/svg><\/div><\/span><span class=\"stk-block-icon-list-item__text\">Mindre p\u00e5frestning p\u00e5 kroppen och minskad risk f\u00f6r skador<\/span><\/div><\/li>\n\n\n\n<li class=\"wp-block-stackable-icon-list-item stk-block-icon-list-item stk-block stk-418bb80\" data-block-id=\"418bb80\"><div class=\"stk-block-icon-list-item__content\"><span class=\"stk--svg-wrapper\"><div class=\"stk--inner-svg\"><svg aria-hidden=\"true\" width=\"32\" height=\"32\"><use xlink:href=\"#stk-icon-list__icon-svg-def-b388d47\"\/><\/svg><\/div><\/span><span class=\"stk-block-icon-list-item__text\">Tryck och h\u00e5rdhet kan enkelt justeras<\/span><\/div><\/li>\n\n\n\n<li class=\"wp-block-stackable-icon-list-item stk-block-icon-list-item stk-block stk-10b4469\" data-block-id=\"10b4469\"><div class=\"stk-block-icon-list-item__content\"><span class=\"stk--svg-wrapper\"><div class=\"stk--inner-svg\"><svg aria-hidden=\"true\" width=\"32\" height=\"32\"><use xlink:href=\"#stk-icon-list__icon-svg-def-b388d47\"\/><\/svg><\/div><\/span><span class=\"stk-block-icon-list-item__text\">Tillverkad av h\u00f6gkvalitativt och h\u00e5llbart PVC-material<\/span><\/div><\/li>\n\n\n\n<li class=\"wp-block-stackable-icon-list-item stk-block-icon-list-item stk-block stk-683cdd4\" data-block-id=\"683cdd4\"><div class=\"stk-block-icon-list-item__content\"><span class=\"stk--svg-wrapper\"><div class=\"stk--inner-svg\"><svg aria-hidden=\"true\" width=\"32\" height=\"32\"><use xlink:href=\"#stk-icon-list__icon-svg-def-b388d47\"\/><\/svg><\/div><\/span><span class=\"stk-block-icon-list-item__text\">Kompakt, l\u00e4tt och levereras med en v\u00e4ska<\/span><\/div><\/li>\n<\/ul><\/div>\n<\/div><\/div><\/div>\n\n\n\n<div class=\"wp-block-stackable-column stk-block-column stk-column stk-block stk-786100b\" data-v=\"4\" data-block-id=\"786100b\"><div class=\"stk-column-wrapper stk-block-column__content stk-container stk-786100b-container stk--no-background stk--no-padding\"><div class=\"stk-block-content stk-inner-blocks stk-786100b-inner-blocks\">\n<div class=\"wp-block-stackable-image stk-block-image stk-block stk-e2a7f06\" data-block-id=\"e2a7f06\"><style>.stk-e2a7f06 .stk-img-wrapper{aspect-ratio:4\/3 !important;height:auto !important;}.stk-e2a7f06 .stk-img-wrapper img{border-radius:5px !important;}@media screen and (max-width:999px){.stk-e2a7f06 .stk-img-wrapper{height:auto !important;}}@media screen and (max-width:689px){.stk-e2a7f06 .stk-img-wrapper{height:auto !important;}}<\/style><figure><span class=\"stk-img-wrapper stk-image--shape-stretch\"><img loading=\"lazy\" decoding=\"async\" class=\"stk-img wp-image-403\" src=\"https:\/\/www.12springssports.com\/wp-content\/uploads\/2025\/03\/AirCover_Springboard_2_1024.jpg\" width=\"1024\" height=\"1024\" alt=\"\" title=\"\" srcset=\"https:\/\/www.12springssports.com\/wp-content\/uploads\/2025\/03\/AirCover_Springboard_2_1024.jpg 1024w, https:\/\/www.12springssports.com\/wp-content\/uploads\/2025\/03\/AirCover_Springboard_2_1024-300x300.jpg 300w, https:\/\/www.12springssports.com\/wp-content\/uploads\/2025\/03\/AirCover_Springboard_2_1024-150x150.jpg 150w, https:\/\/www.12springssports.com\/wp-content\/uploads\/2025\/03\/AirCover_Springboard_2_1024-768x768.jpg 768w, https:\/\/www.12springssports.com\/wp-content\/uploads\/2025\/03\/AirCover_Springboard_2_1024-500x500.jpg 500w, https:\/\/www.12springssports.com\/wp-content\/uploads\/2025\/03\/AirCover_Springboard_2_1024-600x600.jpg 600w, https:\/\/www.12springssports.com\/wp-content\/uploads\/2025\/03\/AirCover_Springboard_2_1024-100x100.jpg 100w\" sizes=\"auto, (max-width: 1024px) 100vw, 1024px\" \/><\/span><\/figure><\/div>\n<\/div><\/div><\/div>\n<\/div><\/div>\n\n<figure class=\"wp-block-embed is-type-video is-provider-youtube wp-block-embed-youtube wp-embed-aspect-16-9 wp-has-aspect-ratio\"><div class=\"wp-block-embed__wrapper\">\n<iframe loading=\"lazy\" title=\"Methodische oefeningen met de 12SPRINGS Springboard Aircover\" width=\"1290\" height=\"726\" src=\"https:\/\/www.youtube.com\/embed\/9Pww22MqewQ?feature=oembed\" frameborder=\"0\" allow=\"accelerometer; autoplay; clipboard-write; encrypted-media; gyroscope; picture-in-picture; web-share\" referrerpolicy=\"strict-origin-when-cross-origin\" allowfullscreen><\/iframe>\n<\/div><\/figure>\n","protected":false},"excerpt":{"rendered":"<p>AirCover &#8211; Springboard \u00e4r perfekt f\u00f6r anv\u00e4ndning i kombination med alla satsbr\u00e4dor och ger en mjuk och \u00e4nnu mer fj\u00e4drande yta. Utvecklad enligt principerna f\u00f6r \u201cmjuk gymnastik\u201d inom KNGU f\u00f6r mindre fysisk p\u00e5frestning p\u00e5 idrottaren; b\u00e5de p\u00e5 fritids- och t\u00e4vlingsniv\u00e5. Denna Aircover \u00e4r ett perfekt mellansteg och minskar \u00f6verg\u00e5ngen fr\u00e5n plankolin till satsbr\u00e4da.  <\/p>\n<p>Inklusive elektrisk pump och praktisk v\u00e4ska f\u00f6r f\u00f6rvaring och transport.<\/p>\n<p><strong>Dimensioner: 124 cm x 60 cm x 10 cm<\/strong><\/p>\n<ul class=\"shortlist\">\n<li>  Mjukt och fj\u00e4drande metodhj\u00e4lpmedel f\u00f6r satsbr\u00e4dor<\/li>\n<li>Minskar \u00f6verg\u00e5ngen fr\u00e5n plankolin till planka<\/li>\n<li>Mindre belastning p\u00e5 lederna<\/li>\n<li>Tryck och h\u00e5rdhet kan enkelt justeras<\/li>\n<li>Enkel fasts\u00e4ttning med hj\u00e4lp av d-ringar och remmar<\/li>\n<\/ul>\n","protected":false},"featured_media":1268,"template":"","meta":{"_acf_changed":false,"_eb_attr":""},"product_brand":[],"product_cat":[674],"product_tag":[],"class_list":{"0":"post-8087","1":"product","2":"type-product","3":"status-publish","4":"has-post-thumbnail","6":"product_cat-metodiska-luftprodukter","7":"product_shipping_class-standard-airtracks-etc-sv","9":"first","10":"onbackorder","11":"taxable","12":"shipping-taxable","13":"product-type-variable"},"acf":[],"ct_brands":[],"_links":{"self":[{"href":"https:\/\/www.12springssports.com\/sv\/wp-json\/wp\/v2\/product\/8087","targetHints":{"allow":["GET"]}}],"collection":[{"href":"https:\/\/www.12springssports.com\/sv\/wp-json\/wp\/v2\/product"}],"about":[{"href":"https:\/\/www.12springssports.com\/sv\/wp-json\/wp\/v2\/types\/product"}],"wp:featuredmedia":[{"embeddable":true,"href":"https:\/\/www.12springssports.com\/sv\/wp-json\/wp\/v2\/media\/1268"}],"wp:attachment":[{"href":"https:\/\/www.12springssports.com\/sv\/wp-json\/wp\/v2\/media?parent=8087"}],"wp:term":[{"taxonomy":"product_brand","embeddable":true,"href":"https:\/\/www.12springssports.com\/sv\/wp-json\/wp\/v2\/product_brand?post=8087"},{"taxonomy":"product_cat","embeddable":true,"href":"https:\/\/www.12springssports.com\/sv\/wp-json\/wp\/v2\/product_cat?post=8087"},{"taxonomy":"product_tag","embeddable":true,"href":"https:\/\/www.12springssports.com\/sv\/wp-json\/wp\/v2\/product_tag?post=8087"}],"curies":[{"name":"wp","href":"https:\/\/api.w.org\/{rel}","templated":true}]}}