{"id":8071,"date":"2025-03-10T12:15:30","date_gmt":"2025-03-10T11:15:30","guid":{"rendered":"https:\/\/www.12springssports.com\/okategoriserad\/platt-kontaktdon\/"},"modified":"2025-07-11T16:13:14","modified_gmt":"2025-07-11T14:13:14","slug":"platt-kontaktdon","status":"publish","type":"product","link":"https:\/\/www.12springssports.com\/sv\/airprodukter\/tillbehor\/platt-kontaktdon\/","title":{"rendered":"Platt kontaktdon"},"content":{"rendered":"","protected":false},"excerpt":{"rendered":"<p>12SPRINGS Flat Connector \u00e4r f\u00f6rsedd med kardborreband (krok) och anv\u00e4nds f\u00f6r att ansluta vinklade ytor som AirIncline (ramper) med en Airtrack<\/p>\n<p> Finns i 2 f\u00e4rger: gr\u00e5 eller svart.<\/p>\n","protected":false},"featured_media":1424,"template":"","meta":{"_acf_changed":false,"_eb_attr":""},"product_brand":[128],"product_cat":[636],"product_tag":[],"class_list":{"0":"post-8071","1":"product","2":"type-product","3":"status-publish","4":"has-post-thumbnail","6":"product_brand-12springs","7":"product_cat-tillbehor","8":"product_shipping_class-accessories","10":"first","11":"instock","12":"taxable","13":"shipping-taxable","14":"purchasable","15":"product-type-variable"},"acf":[],"ct_brands":[{"id":128,"name":"12SPRINGS","slug":"12springs"}],"_links":{"self":[{"href":"https:\/\/www.12springssports.com\/sv\/wp-json\/wp\/v2\/product\/8071","targetHints":{"allow":["GET"]}}],"collection":[{"href":"https:\/\/www.12springssports.com\/sv\/wp-json\/wp\/v2\/product"}],"about":[{"href":"https:\/\/www.12springssports.com\/sv\/wp-json\/wp\/v2\/types\/product"}],"wp:featuredmedia":[{"embeddable":true,"href":"https:\/\/www.12springssports.com\/sv\/wp-json\/wp\/v2\/media\/1424"}],"wp:attachment":[{"href":"https:\/\/www.12springssports.com\/sv\/wp-json\/wp\/v2\/media?parent=8071"}],"wp:term":[{"taxonomy":"product_brand","embeddable":true,"href":"https:\/\/www.12springssports.com\/sv\/wp-json\/wp\/v2\/product_brand?post=8071"},{"taxonomy":"product_cat","embeddable":true,"href":"https:\/\/www.12springssports.com\/sv\/wp-json\/wp\/v2\/product_cat?post=8071"},{"taxonomy":"product_tag","embeddable":true,"href":"https:\/\/www.12springssports.com\/sv\/wp-json\/wp\/v2\/product_tag?post=8071"}],"curies":[{"name":"wp","href":"https:\/\/api.w.org\/{rel}","templated":true}]}}