{"id":7724,"date":"2025-03-06T07:22:19","date_gmt":"2025-03-06T06:22:19","guid":{"rendered":"https:\/\/www.12springssports.com\/okategoriserad\/antislip-mat\/"},"modified":"2026-04-14T13:19:34","modified_gmt":"2026-04-14T11:19:34","slug":"antislip-mat","status":"publish","type":"product","link":"https:\/\/www.12springssports.com\/sv\/airprodukter\/tillbehor\/antislip-mat\/","title":{"rendered":"Antislip mat"},"content":{"rendered":"\n<h2 class=\"wp-block-heading has-text-align-center\">Skydd f\u00f6r din Airtrack inomhus och utomhus<\/h2>\n\n<p><strong>Inomhus: <\/strong>Perfekt f\u00f6r att anv\u00e4nda din Airtrack inomhus f\u00f6r att h\u00e5lla den stabil p\u00e5 hala golv. Antislip mat skyddar ocks\u00e5 ditt golv om Airtrack har anv\u00e4nts utomhus, till exempel, och inte har rengjorts ordentligt. <\/p>\n\n<p><strong>F\u00f6r utomhusbruk:<\/strong> Alla 12SPRINGS Airtracks \u00e4r tillverkade av de b\u00e4sta materialen och \u00e4r konstruerade f\u00f6r att t\u00e5la tunga belastningar. Men ibland kan det r\u00e4cka med en liten sten i staketet f\u00f6r att orsaka ett h\u00e5l p\u00e5 samma st\u00e4lle. Antislip mat fungerar d\u00e5 som ett skyddande lager mellan Airtrack och marken.  <\/p>\n\n<p><\/p>\n","protected":false},"excerpt":{"rendered":"<p>Halkskyddsmatta att l\u00e4gga under din Airtrack f\u00f6r att f\u00f6rhindra halka och on\u00f6digt slitage p\u00e5 Airtrack. Kan anv\u00e4ndas b\u00e5de inomhus och utomhus. <\/p>\n<ul>\n<li>F\u00f6r mer s\u00e4kerhet inomhus<\/li>\n<li>Skyddar golvet fr\u00e5n repor<\/li>\n<li>Skyddar din Airtrack utomhus<\/li>\n<\/ul>\n<p>Mattans tjocklek \u00e4r 3 mm och du v\u00e4ljer sj\u00e4lv den bredd och l\u00e4ngd som passar din Airtrack.<\/p>\n","protected":false},"featured_media":1169,"template":"","meta":{"_acf_changed":false,"_eb_attr":""},"product_brand":[],"product_cat":[636],"product_tag":[],"class_list":{"0":"post-7724","1":"product","2":"type-product","3":"status-publish","4":"has-post-thumbnail","6":"product_cat-tillbehor","7":"product_shipping_class-accessories","9":"first","10":"instock","11":"taxable","12":"shipping-taxable","13":"purchasable","14":"product-type-variable"},"acf":[],"ct_brands":[],"_links":{"self":[{"href":"https:\/\/www.12springssports.com\/sv\/wp-json\/wp\/v2\/product\/7724","targetHints":{"allow":["GET"]}}],"collection":[{"href":"https:\/\/www.12springssports.com\/sv\/wp-json\/wp\/v2\/product"}],"about":[{"href":"https:\/\/www.12springssports.com\/sv\/wp-json\/wp\/v2\/types\/product"}],"wp:featuredmedia":[{"embeddable":true,"href":"https:\/\/www.12springssports.com\/sv\/wp-json\/wp\/v2\/media\/1169"}],"wp:attachment":[{"href":"https:\/\/www.12springssports.com\/sv\/wp-json\/wp\/v2\/media?parent=7724"}],"wp:term":[{"taxonomy":"product_brand","embeddable":true,"href":"https:\/\/www.12springssports.com\/sv\/wp-json\/wp\/v2\/product_brand?post=7724"},{"taxonomy":"product_cat","embeddable":true,"href":"https:\/\/www.12springssports.com\/sv\/wp-json\/wp\/v2\/product_cat?post=7724"},{"taxonomy":"product_tag","embeddable":true,"href":"https:\/\/www.12springssports.com\/sv\/wp-json\/wp\/v2\/product_tag?post=7724"}],"curies":[{"name":"wp","href":"https:\/\/api.w.org\/{rel}","templated":true}]}}