{"id":7700,"date":"2025-03-07T05:51:46","date_gmt":"2025-03-07T04:51:46","guid":{"rendered":"https:\/\/www.12springssports.com\/okategoriserad\/halkskyddade-strumpor\/"},"modified":"2025-03-07T05:51:46","modified_gmt":"2025-03-07T04:51:46","slug":"halkskyddade-strumpor","status":"publish","type":"product","link":"https:\/\/www.12springssports.com\/sv\/airprodukter\/tillbehor\/halkskyddade-strumpor\/","title":{"rendered":"Halkskyddade strumpor"},"content":{"rendered":"","protected":false},"excerpt":{"rendered":"<p>Antislip Socks fr\u00e5n 12SPRINGS \u00e4r det perfekta tillbeh\u00f6ret n\u00e4r du hoppar studsmatta, tumbling eller freerunning.<\/p>\n<p>Anv\u00e4nd dem p\u00e5 studsmattor eller luftprodukter.<\/p>\n<p>Finns i m\u00e5nga storlekar:<\/p>\n<ul>\n<li>S<\/li>\n<li>M<\/li>\n<li>L<\/li>\n<li>XL<\/li>\n<\/ul>\n<p>&nbsp;<\/p>\n","protected":false},"featured_media":6335,"template":"","meta":{"_acf_changed":false,"_eb_attr":""},"product_brand":[],"product_cat":[636,701],"product_tag":[],"class_list":{"0":"post-7700","1":"product","2":"type-product","3":"status-publish","4":"has-post-thumbnail","6":"product_cat-tillbehor","7":"product_cat-merchandise","8":"product_shipping_class-accessories","10":"first","11":"instock","12":"taxable","13":"shipping-taxable","14":"purchasable","15":"product-type-variable"},"acf":[],"ct_brands":[],"_links":{"self":[{"href":"https:\/\/www.12springssports.com\/sv\/wp-json\/wp\/v2\/product\/7700","targetHints":{"allow":["GET"]}}],"collection":[{"href":"https:\/\/www.12springssports.com\/sv\/wp-json\/wp\/v2\/product"}],"about":[{"href":"https:\/\/www.12springssports.com\/sv\/wp-json\/wp\/v2\/types\/product"}],"wp:featuredmedia":[{"embeddable":true,"href":"https:\/\/www.12springssports.com\/sv\/wp-json\/wp\/v2\/media\/6335"}],"wp:attachment":[{"href":"https:\/\/www.12springssports.com\/sv\/wp-json\/wp\/v2\/media?parent=7700"}],"wp:term":[{"taxonomy":"product_brand","embeddable":true,"href":"https:\/\/www.12springssports.com\/sv\/wp-json\/wp\/v2\/product_brand?post=7700"},{"taxonomy":"product_cat","embeddable":true,"href":"https:\/\/www.12springssports.com\/sv\/wp-json\/wp\/v2\/product_cat?post=7700"},{"taxonomy":"product_tag","embeddable":true,"href":"https:\/\/www.12springssports.com\/sv\/wp-json\/wp\/v2\/product_tag?post=7700"}],"curies":[{"name":"wp","href":"https:\/\/api.w.org\/{rel}","templated":true}]}}