{"id":7696,"date":"2025-03-04T05:52:03","date_gmt":"2025-03-04T04:52:03","guid":{"rendered":"https:\/\/www.12springssports.com\/okategoriserad\/anslutningsband-med-kardborreband-5cm\/"},"modified":"2025-06-09T15:57:43","modified_gmt":"2025-06-09T13:57:43","slug":"anslutningsband-med-kardborre-5cm","status":"publish","type":"product","link":"https:\/\/www.12springssports.com\/sv\/airprodukter\/tillbehor\/anslutningsband-med-kardborre-5cm\/","title":{"rendered":"Anslutningsband med kardborre | 5cm"},"content":{"rendered":"","protected":false},"excerpt":{"rendered":"<p>Stapla tv\u00e5 AirBoards, Airtracks eller andra Airprodukter p\u00e5 ett s\u00e4kert s\u00e4tt med dessa kardborreanslutningar.<\/p>\n<p>Med dubbelsidig kardborre med krok s\u00e4kerst\u00e4ller de en stark anslutning mellan tv\u00e5 f\u00f6rem\u00e5l med kardborre med \u00f6gla.<\/p>\n<p>Best\u00e5r av 2 kardborrebitar, vardera 5 cm breda<\/p>\n","protected":false},"featured_media":1415,"template":"","meta":{"_acf_changed":false,"_eb_attr":""},"product_brand":[128],"product_cat":[636],"product_tag":[],"class_list":{"0":"post-7696","1":"product","2":"type-product","3":"status-publish","4":"has-post-thumbnail","6":"product_brand-12springs","7":"product_cat-tillbehor","8":"product_shipping_class-accessories","10":"first","11":"instock","12":"taxable","13":"shipping-taxable","14":"purchasable","15":"product-type-variable"},"acf":[],"ct_brands":[{"id":128,"name":"12SPRINGS","slug":"12springs"}],"_links":{"self":[{"href":"https:\/\/www.12springssports.com\/sv\/wp-json\/wp\/v2\/product\/7696","targetHints":{"allow":["GET"]}}],"collection":[{"href":"https:\/\/www.12springssports.com\/sv\/wp-json\/wp\/v2\/product"}],"about":[{"href":"https:\/\/www.12springssports.com\/sv\/wp-json\/wp\/v2\/types\/product"}],"wp:featuredmedia":[{"embeddable":true,"href":"https:\/\/www.12springssports.com\/sv\/wp-json\/wp\/v2\/media\/1415"}],"wp:attachment":[{"href":"https:\/\/www.12springssports.com\/sv\/wp-json\/wp\/v2\/media?parent=7696"}],"wp:term":[{"taxonomy":"product_brand","embeddable":true,"href":"https:\/\/www.12springssports.com\/sv\/wp-json\/wp\/v2\/product_brand?post=7696"},{"taxonomy":"product_cat","embeddable":true,"href":"https:\/\/www.12springssports.com\/sv\/wp-json\/wp\/v2\/product_cat?post=7696"},{"taxonomy":"product_tag","embeddable":true,"href":"https:\/\/www.12springssports.com\/sv\/wp-json\/wp\/v2\/product_tag?post=7696"}],"curies":[{"name":"wp","href":"https:\/\/api.w.org\/{rel}","templated":true}]}}