{"id":7664,"date":"2025-03-03T15:41:27","date_gmt":"2025-03-03T14:41:27","guid":{"rendered":"https:\/\/www.12springssports.com\/okategoriserad\/airboard-slim-5-cm\/"},"modified":"2026-04-14T13:19:32","modified_gmt":"2026-04-14T11:19:32","slug":"airboard-slim-5-cm","status":"publish","type":"product","link":"https:\/\/www.12springssports.com\/sv\/airprodukter\/metodiska-luftprodukter\/airboard-slim-5-cm\/","title":{"rendered":"AirBoard Slim | 5 cm"},"content":{"rendered":"\n<h2 class=\"wp-block-heading has-text-align-center\" id=\"the-ultimate-all-round-airtrack\"><strong>Skonsam tr\u00e4ning p\u00e5 ett enkelt s\u00e4tt<\/strong><\/h2>\n\n<p class=\"has-18-font-size\">Den 5 cm tjocka AirBoarden \u00e4r ett mycket l\u00e4mpligt metodiskt verktyg som ger den d\u00e4r lilla extra fj\u00e4dringen och d\u00e4mpningen f\u00f6r att l\u00e4ra ut nya gymnastiska och akrobatiska element p\u00e5 golvet.<\/p>\n\n<p>Precis som alla 12SPRINGS Air-produkter \u00e4r AirBoard tillverkad av h\u00f6gkvalitativa material, och s\u00f6mmarna limmas under h\u00f6ga temperaturer, vilket g\u00f6r AirBoard 100% luft- och vattent\u00e4t.<\/p>\n\n<div class=\"wp-block-stackable-columns stk-block-columns stk-block stk-30d5dcf\" data-block-id=\"30d5dcf\"><style>.stk-30d5dcf .stk--block-align-30d5dcf{align-items:center !important;}.stk-30d5dcf {margin-bottom:60px !important;}<\/style><div class=\"stk-row stk-inner-blocks stk--block-align-30d5dcf stk-block-content stk-content-align stk-30d5dcf-column\">\n<div class=\"wp-block-stackable-column stk-block-column stk-column stk-block stk-3e03b1f\" data-v=\"4\" data-block-id=\"3e03b1f\"><style>.stk-3e03b1f {padding-top:15px !important;padding-right:15px !important;padding-bottom:15px !important;padding-left:15px !important;}@media screen and (max-width:689px){.stk-3e03b1f {padding-top:0px !important;padding-right:0px !important;padding-bottom:0px !important;padding-left:0px !important;}}<\/style><div class=\"stk-column-wrapper stk-block-column__content stk-container stk-3e03b1f-container stk--no-background stk--no-padding\"><div class=\"stk-block-content stk-inner-blocks stk-3e03b1f-inner-blocks\">\n<h3 class=\"wp-block-heading has-text-align-center\" id=\"extra-durability\">Kompakt och m\u00e5ngsidig<\/h3>\n\n\n\n<p>AirBoarden \u00e4r 1,2 meter l\u00e5ng, 1,5 meter bred och 5 cm h\u00f6g och \u00e4r idealisk f\u00f6r anv\u00e4ndning p\u00e5 t.ex. ett fj\u00e4dergolv eller en tumblingbana i tr\u00e4 f\u00f6r gymnastiska och akrobatiska element. Den h\u00e4r tjockleken p\u00e5 AirBoard \u00e4r ocks\u00e5 mindre p\u00e5frestande f\u00f6r lederna och kan \u00e4ven anv\u00e4ndas f\u00f6r att f\u00f6rebygga skador. <\/p>\n<\/div><\/div><\/div>\n\n\n\n<div class=\"wp-block-stackable-column stk-block-column stk-column stk-block stk-786100b\" data-v=\"4\" data-block-id=\"786100b\"><div class=\"stk-column-wrapper stk-block-column__content stk-container stk-786100b-container stk--no-background stk--no-padding\"><div class=\"stk-block-content stk-inner-blocks stk-786100b-inner-blocks\">\n<figure class=\"wp-block-embed is-type-video is-provider-vimeo wp-block-embed-vimeo wp-embed-aspect-1-1 wp-has-aspect-ratio\" style=\"margin-top:0;margin-bottom:0\"><div class=\"wp-block-embed__wrapper\">\n<iframe loading=\"lazy\" title=\"Airtrack &amp; AirBoard Slim\" src=\"https:\/\/player.vimeo.com\/video\/1008004523?dnt=1&amp;app_id=122963\" width=\"720\" height=\"720\" frameborder=\"0\" allow=\"autoplay; fullscreen; picture-in-picture; clipboard-write; encrypted-media\"><\/iframe>\n<\/div><\/figure>\n<\/div><\/div><\/div>\n<\/div><\/div>\n\n<div class=\"wp-block-stackable-columns stk-block-columns stk-block stk-a83a40b\" data-block-id=\"a83a40b\"><style>.stk-a83a40b .stk--block-align-a83a40b{align-items:center !important;}.stk-a83a40b {margin-bottom:2px !important;}@media screen and (max-width:689px){.stk-a83a40b {--stk-col-order-1:2 !important;--stk-col-order-2:1 !important;}}<\/style><div class=\"stk-row stk-inner-blocks stk--block-align-a83a40b stk-block-content stk-content-align stk-a83a40b-column\">\n<div class=\"wp-block-stackable-column stk-block-column stk-column stk-block stk-ab8ea4d\" data-v=\"4\" data-block-id=\"ab8ea4d\"><div class=\"stk-column-wrapper stk-block-column__content stk-container stk-ab8ea4d-container stk--no-background stk--no-padding\"><div class=\"stk-block-content stk-inner-blocks stk-ab8ea4d-inner-blocks\">\n<div class=\"wp-block-stackable-image stk-block-image stk-block stk-b060709\" data-block-id=\"b060709\"><style>.stk-b060709 {border-top-left-radius:5px !important;border-top-right-radius:5px !important;border-bottom-right-radius:5px !important;border-bottom-left-radius:5px !important;overflow:hidden !important;}.stk-b060709 .stk-img-wrapper{aspect-ratio:4\/3 !important;height:auto !important;}@media screen and (max-width:999px){.stk-b060709 .stk-img-wrapper{height:auto !important;}}@media screen and (max-width:689px){.stk-b060709 .stk-img-wrapper{height:auto !important;}}<\/style><figure><span class=\"stk-img-wrapper stk-image--shape-stretch\"><img loading=\"lazy\" decoding=\"async\" class=\"stk-img wp-image-618\" src=\"https:\/\/www.12springssports.com\/wp-content\/uploads\/2025\/03\/airboard_velcro.jpeg\" width=\"1200\" height=\"1200\" alt=\"\" title=\"\" srcset=\"https:\/\/www.12springssports.com\/wp-content\/uploads\/2025\/03\/airboard_velcro.jpeg 1200w, https:\/\/www.12springssports.com\/wp-content\/uploads\/2025\/03\/airboard_velcro-300x300.jpeg 300w, https:\/\/www.12springssports.com\/wp-content\/uploads\/2025\/03\/airboard_velcro-1024x1024.jpeg 1024w, https:\/\/www.12springssports.com\/wp-content\/uploads\/2025\/03\/airboard_velcro-150x150.jpeg 150w, https:\/\/www.12springssports.com\/wp-content\/uploads\/2025\/03\/airboard_velcro-768x768.jpeg 768w, https:\/\/www.12springssports.com\/wp-content\/uploads\/2025\/03\/airboard_velcro-500x500.jpeg 500w, https:\/\/www.12springssports.com\/wp-content\/uploads\/2025\/03\/airboard_velcro-600x600.jpeg 600w, https:\/\/www.12springssports.com\/wp-content\/uploads\/2025\/03\/airboard_velcro-100x100.jpeg 100w\" sizes=\"auto, (max-width: 1200px) 100vw, 1200px\" \/><\/span><\/figure><\/div>\n<\/div><\/div><\/div>\n\n\n\n<div class=\"wp-block-stackable-column stk-block-column stk-column stk-block stk-0b5251e\" data-v=\"4\" data-block-id=\"0b5251e\"><style>.stk-0b5251e {padding-top:15px !important;padding-right:15px !important;padding-bottom:15px !important;padding-left:15px !important;}@media screen and (max-width:689px){.stk-0b5251e {padding-top:0px !important;padding-right:0px !important;padding-bottom:0px !important;padding-left:0px !important;}}<\/style><div class=\"stk-column-wrapper stk-block-column__content stk-container stk-0b5251e-container stk--no-background stk--no-padding\"><div class=\"stk-block-content stk-inner-blocks stk-0b5251e-inner-blocks\">\n<h3 class=\"wp-block-heading has-text-align-center\" id=\"extendable-design\">Kompatibel med Airtrack Slim<\/h3>\n\n\n\n<p>Undersidan av AirBoard Slim \u00e4r f\u00f6rsedd med mjuk svart kardborre p\u00e5 kortsidorna som ger ett b\u00e4ttre grepp p\u00e5 (filt)golvet och f\u00f6rhindrar att den glider under tr\u00e4ningen. Med hj\u00e4lp av 2 kardborreband med krokar som f\u00e4sts p\u00e5 <a href=\"https:\/\/www.12springssports.com\/sv\/gymnastikutrustning\/fristaende-gymnastik\/airtrack-slim\/\" data-type=\"product\" data-id=\"356\">Airtrack Slim<\/a>. <\/p>\n\n\n\n<p><em>*Dessa kardborreband <a href=\"https:\/\/www.12springssports.com\/product\/connector-set-for-airtrack\/\" data-type=\"product\" data-id=\"457\">finns som tillbeh\u00f6r<\/a>.<\/em><\/p>\n<\/div><\/div><\/div>\n<\/div><\/div>\n\n<div class=\"wp-block-stackable-columns stk-block-columns stk-block stk-1011723\" data-block-id=\"1011723\"><style>.stk-1011723 .stk--block-align-1011723{align-items:center !important;}.stk-1011723 {margin-bottom:60px !important;}<\/style><div class=\"stk-row stk-inner-blocks stk--block-align-1011723 stk-block-content stk-content-align stk-1011723-column\">\n<div class=\"wp-block-stackable-column stk-block-column stk-column stk-block stk-85800dc\" data-v=\"4\" data-block-id=\"85800dc\"><style>.stk-85800dc {padding-top:15px !important;padding-right:15px !important;padding-bottom:15px !important;padding-left:15px !important;}@media screen and (max-width:689px){.stk-85800dc {padding-top:0px !important;padding-right:0px !important;padding-bottom:0px !important;padding-left:0px !important;}}<\/style><div class=\"stk-column-wrapper stk-block-column__content stk-container stk-85800dc-container stk--no-background stk--no-padding\"><div class=\"stk-block-content stk-inner-blocks stk-85800dc-inner-blocks\">\n<h3 class=\"wp-block-heading has-text-align-center\" id=\"extra-durability\">Inklusive pump, v\u00e4ska och reparationssats<\/h3>\n\n\n\n<p>Den AirBoard Slim \u00e4r av h\u00f6g kvalitet och utformad f\u00f6r intensiv gymnastiktr\u00e4ning. Tack vare den medf\u00f6ljande elektriska pumpen \u00e4r den enkel och snabb att bl\u00e5sa upp och l\u00e4tt att f\u00f6rvara i den medf\u00f6ljande b\u00e4rv\u00e4skan. Ett reparationskit ing\u00e5r ocks\u00e5.  <\/p>\n<\/div><\/div><\/div>\n\n\n\n<div class=\"wp-block-stackable-column stk-block-column stk-column stk-block stk-a886d95\" data-v=\"4\" data-block-id=\"a886d95\"><div class=\"stk-column-wrapper stk-block-column__content stk-container stk-a886d95-container stk--no-background stk--no-padding\"><div class=\"stk-block-content stk-inner-blocks stk-a886d95-inner-blocks\">\n<div class=\"wp-block-stackable-image stk-block-image stk-block stk-0ed3836\" data-block-id=\"0ed3836\"><figure><span class=\"stk-img-wrapper stk-image--shape-stretch\"><img loading=\"lazy\" decoding=\"async\" class=\"stk-img wp-image-169\" src=\"https:\/\/www.12springssports.com\/wp-content\/uploads\/2025\/03\/includes_600w_electric_pump_repair_kit_and_large_bag-1.jpg\" width=\"1268\" height=\"1268\" alt=\"\" title=\"\"><\/span><\/figure><\/div>\n<\/div><\/div><\/div>\n<\/div><\/div>\n","protected":false},"excerpt":{"rendered":"<p>AirBoarden \u00e4r 5 cm tjock och idealisk f\u00f6r anv\u00e4ndning p\u00e5 t.ex. ett fj\u00e4drande golv eller en tumblingbana i tr\u00e4 f\u00f6r gymnastiska och akrobatiska element. Den h\u00e4r tjockleken p\u00e5 AirBoard \u00e4r ocks\u00e5 mindre p\u00e5frestande f\u00f6r lederna och f\u00f6rebygger \u00e4ven skador. <\/p>\n<p><strong>Storlek: 120 x 150 x 5 cm<\/strong><\/p>\n<ul>\n<li>Skonsam f\u00f6r lederna<\/li>\n<li>Kompakt och m\u00e5ngsidig<\/li>\n<li>Kan kombineras med andra 12SPRINGS produkter som t.ex. <a href=\"https:\/\/www.12springssports.com\/product\/airtrack-slim\/\">Airtrack Slim<\/a><\/li>\n<\/ul>\n","protected":false},"featured_media":1544,"template":"","meta":{"_acf_changed":false,"_eb_attr":""},"product_brand":[],"product_cat":[674,700,699],"product_tag":[],"class_list":{"0":"post-7664","1":"product","2":"type-product","3":"status-publish","4":"has-post-thumbnail","6":"product_cat-metodiska-luftprodukter","7":"product_cat-golvgymnastik","8":"product_cat-gymnastikutrustning","9":"product_shipping_class-standard-airtracks-etc-sv","11":"first","12":"instock","13":"taxable","14":"shipping-taxable","15":"product-type-variable"},"acf":[],"ct_brands":[],"_links":{"self":[{"href":"https:\/\/www.12springssports.com\/sv\/wp-json\/wp\/v2\/product\/7664","targetHints":{"allow":["GET"]}}],"collection":[{"href":"https:\/\/www.12springssports.com\/sv\/wp-json\/wp\/v2\/product"}],"about":[{"href":"https:\/\/www.12springssports.com\/sv\/wp-json\/wp\/v2\/types\/product"}],"wp:featuredmedia":[{"embeddable":true,"href":"https:\/\/www.12springssports.com\/sv\/wp-json\/wp\/v2\/media\/1544"}],"wp:attachment":[{"href":"https:\/\/www.12springssports.com\/sv\/wp-json\/wp\/v2\/media?parent=7664"}],"wp:term":[{"taxonomy":"product_brand","embeddable":true,"href":"https:\/\/www.12springssports.com\/sv\/wp-json\/wp\/v2\/product_brand?post=7664"},{"taxonomy":"product_cat","embeddable":true,"href":"https:\/\/www.12springssports.com\/sv\/wp-json\/wp\/v2\/product_cat?post=7664"},{"taxonomy":"product_tag","embeddable":true,"href":"https:\/\/www.12springssports.com\/sv\/wp-json\/wp\/v2\/product_tag?post=7664"}],"curies":[{"name":"wp","href":"https:\/\/api.w.org\/{rel}","templated":true}]}}