{"id":8181,"date":"2025-04-03T16:56:23","date_gmt":"2025-04-03T14:56:23","guid":{"rendered":"https:\/\/www.12springssports.com\/garanti\/"},"modified":"2025-06-10T16:30:34","modified_gmt":"2025-06-10T14:30:34","slug":"garanti","status":"publish","type":"page","link":"https:\/\/www.12springssports.com\/sv\/garanti\/","title":{"rendered":"Garanti"},"content":{"rendered":"\n<h2 class=\"wp-block-heading\">Utkr\u00e4va n\u00e5gon garanti:<\/h2>\n\n<ul class=\"wp-block-list\">\n<li>Rapportera f\u00f6rst ditt klagom\u00e5l via <a href=\"https:\/\/www.12springssports.com\/sv\/kontakt\/\">e-post eller per telefon<\/a> d\u00e4r du k\u00f6pte produkten. (Gl\u00f6m inte att ange ditt telefonnummer) <\/li>\n\n\n\n<li>Du beh\u00f6ver ett ink\u00f6psbevis (fakturan)<\/li>\n\n\n\n<li>V\u00e4nligen beskriv problemet tydligt i ditt e-postmeddelande<\/li>\n\n\n\n<li>F\u00f6r snabbare hantering: v\u00e4nligen skicka foton som tydligt visar problemet<\/li>\n\n\n\n<li>Vid behov m\u00e5ste den defekta produkten skickas till den tekniska tj\u00e4nsten f\u00f6r inspektion eller reparation. Om foton har skickats \u00e4r detta inte l\u00e4ngre n\u00f6dv\u00e4ndigt i vissa fall <\/li>\n\n\n\n<li>D\u00e4refter g\u00f6rs en bed\u00f6mning av om problemet\/felet omfattas av garantin.<\/li>\n<\/ul>\n\n<p><\/p>\n","protected":false},"excerpt":{"rendered":"<p>Utkr\u00e4va n\u00e5gon garanti:<\/p>\n","protected":false},"author":3,"featured_media":0,"parent":0,"menu_order":11,"comment_status":"closed","ping_status":"closed","template":"","meta":{"_acf_changed":false,"_eb_attr":"","footnotes":""},"class_list":["post-8181","page","type-page","status-publish","hentry"],"blocksy_meta":[],"acf":[],"_links":{"self":[{"href":"https:\/\/www.12springssports.com\/sv\/wp-json\/wp\/v2\/pages\/8181","targetHints":{"allow":["GET"]}}],"collection":[{"href":"https:\/\/www.12springssports.com\/sv\/wp-json\/wp\/v2\/pages"}],"about":[{"href":"https:\/\/www.12springssports.com\/sv\/wp-json\/wp\/v2\/types\/page"}],"author":[{"embeddable":true,"href":"https:\/\/www.12springssports.com\/sv\/wp-json\/wp\/v2\/users\/3"}],"replies":[{"embeddable":true,"href":"https:\/\/www.12springssports.com\/sv\/wp-json\/wp\/v2\/comments?post=8181"}],"version-history":[{"count":0,"href":"https:\/\/www.12springssports.com\/sv\/wp-json\/wp\/v2\/pages\/8181\/revisions"}],"wp:attachment":[{"href":"https:\/\/www.12springssports.com\/sv\/wp-json\/wp\/v2\/media?parent=8181"}],"curies":[{"name":"wp","href":"https:\/\/api.w.org\/{rel}","templated":true}]}}