{"id":2910,"date":"2025-03-05T11:23:01","date_gmt":"2025-03-05T10:23:01","guid":{"rendered":"https:\/\/sports.12springstrampolines.com\/unkategorisiert\/manometer\/"},"modified":"2025-10-09T08:35:25","modified_gmt":"2025-10-09T06:35:25","slug":"manometer","status":"publish","type":"product","link":"https:\/\/www.12springssports.com\/de\/airprodukte\/zubehor\/manometer\/","title":{"rendered":"Manometer"},"content":{"rendered":"\n<p>Mit diesem zuverl\u00e4ssigen und einfach zu bedienenden Manometer holen Sie das Beste aus Ihren aufblasbaren Luftprodukten heraus. Dieses Manometer hilft Ihnen, die perfekte Festigkeit f\u00fcr optimale Leistung und Sicherheit zu erreichen. <\/p>\n\n<p>Konzipiert f\u00fcr  <\/p>\n\n<div class=\"wp-block-stackable-icon-list stk-block-icon-list stk-block stk-a212b40\" data-block-id=\"a212b40\"><svg style=\"display:none\"><defs><g id=\"stk-icon-list__icon-svg-def-a212b40\"><svg xmlns=\"http:\/\/www.w3.org\/2000\/svg\" viewBox=\"0 0 190 190\"><polygon points=\"173.8,28.4 60.4,141.8 15.7,97.2 5.1,107.8 60.4,163 184.4,39 173.8,28.4\"\/><\/svg><\/g><\/defs><\/svg><ul class=\"stk-block-icon-list__ul stk-block-icon-list--column\">\n<li class=\"wp-block-stackable-icon-list-item stk-block-icon-list-item stk-block stk-b5b1cae\" data-block-id=\"b5b1cae\"><div class=\"stk-block-icon-list-item__content\"><span class=\"stk--svg-wrapper\"><div class=\"stk--inner-svg\"><svg aria-hidden=\"true\" width=\"32\" height=\"32\"><use xlink:href=\"#stk-icon-list__icon-svg-def-a212b40\"\/><\/svg><\/div><\/span><span class=\"stk-block-icon-list-item__text\">Airtracks  <\/span><\/div><\/li>\n\n\n\n<li class=\"wp-block-stackable-icon-list-item stk-block-icon-list-item stk-block stk-f946e9d\" data-block-id=\"f946e9d\"><div class=\"stk-block-icon-list-item__content\"><span class=\"stk--svg-wrapper\"><div class=\"stk--inner-svg\"><svg aria-hidden=\"true\" width=\"32\" height=\"32\"><use xlink:href=\"#stk-icon-list__icon-svg-def-a212b40\"\/><\/svg><\/div><\/span><span class=\"stk-block-icon-list-item__text\">AirIncline oder AirRamp <\/span><\/div><\/li>\n\n\n\n<li class=\"wp-block-stackable-icon-list-item stk-block-icon-list-item stk-block stk-8e74d6d\" data-block-id=\"8e74d6d\"><div class=\"stk-block-icon-list-item__content\"><span class=\"stk--svg-wrapper\"><div class=\"stk--inner-svg\"><svg aria-hidden=\"true\" width=\"32\" height=\"32\"><use xlink:href=\"#stk-icon-list__icon-svg-def-a212b40\"\/><\/svg><\/div><\/span><span class=\"stk-block-icon-list-item__text\">Airfloor<\/span><\/div><\/li>\n\n\n\n<li class=\"wp-block-stackable-icon-list-item stk-block-icon-list-item stk-block stk-bf91e90\" data-block-id=\"bf91e90\"><div class=\"stk-block-icon-list-item__content\"><span class=\"stk--svg-wrapper\"><div class=\"stk--inner-svg\"><svg aria-hidden=\"true\" width=\"32\" height=\"32\"><use xlink:href=\"#stk-icon-list__icon-svg-def-a212b40\"\/><\/svg><\/div><\/span><span class=\"stk-block-icon-list-item__text\">Andere aufblasbare Produkte  <\/span><\/div><\/li>\n<\/ul><\/div>\n\n<p>Vermeiden Sie einen zu hohen Luftdruck, der Ihre Ausr\u00fcstung besch\u00e4digen kann, oder einen zu niedrigen Luftdruck, der die Sprungkraft und Stabilit\u00e4t beeintr\u00e4chtigt. Egal, ob Sie Turner, Trainer oder Sportler sind, dieses Ger\u00e4t sorgt daf\u00fcr, dass Ihre Luftausr\u00fcstung in einem Top-Zustand bleibt und bei jedem Training die richtige Menge an Unterst\u00fctzung bietet. <\/p>\n","protected":false},"excerpt":{"rendered":"<p>Manometer zur Messung des Luftdrucks des Airtrack oder Airproduct.<\/p>\n<p>Passt auf jedes Ventil der 12SPRINGS Air Produkte.<\/p>\n<p>Sorgen Sie mit diesem Pr\u00e4zisionsmanometer f\u00fcr ein perfektes Aufpumpen Ihrer 12SPRINGS Air-Produkte.<\/p>\n<ul>\n<li data-start=\"188\" data-end=\"378\">Verhindert \u00dcberbl\u00e4hung und Sch\u00e4den<\/li>\n<li data-start=\"188\" data-end=\"378\">Sorgt f\u00fcr optimale Sprungkraft und Stabilit\u00e4t<\/li>\n<li data-start=\"188\" data-end=\"378\">Verl\u00e4ngert die Lebensdauer von H\u00fcpfburgen<\/li>\n<li data-start=\"188\" data-end=\"378\">Ideal f\u00fcr Gymnastik, Tumbling und Training<\/li>\n<\/ul>\n","protected":false},"featured_media":10587,"template":"","meta":{"_acf_changed":false,"_eb_attr":""},"product_brand":[],"product_cat":[310],"product_tag":[],"class_list":{"0":"post-2910","1":"product","2":"type-product","3":"status-publish","4":"has-post-thumbnail","6":"product_cat-zubehor","7":"product_shipping_class-accessories","9":"first","10":"instock","11":"taxable","12":"shipping-taxable","13":"purchasable","14":"product-type-simple"},"acf":[],"ct_brands":[],"_links":{"self":[{"href":"https:\/\/www.12springssports.com\/de\/wp-json\/wp\/v2\/product\/2910","targetHints":{"allow":["GET"]}}],"collection":[{"href":"https:\/\/www.12springssports.com\/de\/wp-json\/wp\/v2\/product"}],"about":[{"href":"https:\/\/www.12springssports.com\/de\/wp-json\/wp\/v2\/types\/product"}],"wp:featuredmedia":[{"embeddable":true,"href":"https:\/\/www.12springssports.com\/de\/wp-json\/wp\/v2\/media\/10587"}],"wp:attachment":[{"href":"https:\/\/www.12springssports.com\/de\/wp-json\/wp\/v2\/media?parent=2910"}],"wp:term":[{"taxonomy":"product_brand","embeddable":true,"href":"https:\/\/www.12springssports.com\/de\/wp-json\/wp\/v2\/product_brand?post=2910"},{"taxonomy":"product_cat","embeddable":true,"href":"https:\/\/www.12springssports.com\/de\/wp-json\/wp\/v2\/product_cat?post=2910"},{"taxonomy":"product_tag","embeddable":true,"href":"https:\/\/www.12springssports.com\/de\/wp-json\/wp\/v2\/product_tag?post=2910"}],"curies":[{"name":"wp","href":"https:\/\/api.w.org\/{rel}","templated":true}]}}