{"id":13034,"date":"2026-03-21T07:11:57","date_gmt":"2026-03-21T06:11:57","guid":{"rendered":"https:\/\/www.12springssports.com\/unkategorisiert\/airtrack-comfort-sd-x-12springs-edition\/"},"modified":"2026-04-14T13:19:35","modified_gmt":"2026-04-14T11:19:35","slug":"airtrack-comfort-sd-x-12springs-edition","status":"publish","type":"product","link":"https:\/\/www.12springssports.com\/de\/airprodukte\/exclusive-sparkle-dream-serie\/airtrack-comfort-sd-x-12springs-edition\/","title":{"rendered":"Airtrack Comfort | S&amp;D x 12SPRINGS Edition"},"content":{"rendered":"","protected":false},"excerpt":{"rendered":"<p><strong>Neu! 12SPRINGS hat in Zusammenarbeit mit Sparkle &amp; Dream, dem beliebten Anbieter von Gymnastikanz\u00fcgen und Turnkleidung in den Niederlanden, eine sch\u00f6ne neue Airproducts-Linie entwickelt.   <\/strong><\/p>\n<p>Der 15 cm dicke Airtrack ist wasserdicht, rutschfest und teilweise handgefertigt aus hochwertigem und strapazierf\u00e4higem 1000D Double Wall Fabric PVC (Drop Stitch): zwei Au\u00dfenschichten mit Tausenden von verbundenen F\u00e4den im Inneren. Au\u00dferdem ist der Airtrack an den R\u00e4ndern 1,5 Mal dicker als andere Airtracks und damit besonders haltbar und abriebfest. <\/p>\n<p>Dieser Airtrack ist breiter und dadurch etwas feiner und einfacher, um neue Elemente sicher zu \u00fcben.<\/p>\n<p><strong>Gr\u00f6\u00dfe<\/strong>: 3 oder 4 m lang x 1,5 m breit x 15 cm dick<\/p>\n<p><strong>Farbe<\/strong>: hellgrau \/ hellrosa<\/p>\n<ul class=\"shortlist\">\n<li>Erstklassige Qualit\u00e4t zu einem wettbewerbsf\u00e4higen Preis<\/li>\n<li>Innen- und Au\u00dfeneinsatz<\/li>\n<li>Entspricht der REACH-Verordnung<\/li>\n<li>3 Jahre Garantie auf Herstellungsfehler<\/li>\n<li>Includes 600w electric pump, bag and repair kit<\/li>\n<\/ul>\n<p><em><strong>F\u00fcr (Club) Gymnastik Trikots, Gymnastikbekleidung und Zubeh\u00f6r besuchen Sie: <a href=\"http:\/\/www.sparkleanddream.nl\"><u>sparkleanddream.nl<\/u><\/a><\/strong><\/em><\/p>\n","protected":false},"featured_media":9639,"template":"","meta":{"_acf_changed":false,"_eb_attr":""},"product_brand":[],"product_cat":[922],"product_tag":[],"class_list":{"0":"post-13034","1":"product","2":"type-product","3":"status-publish","4":"has-post-thumbnail","6":"product_cat-exclusive-sparkle-dream-serie","7":"product_shipping_class-standard-airtracks-etc","9":"first","10":"instock","11":"taxable","12":"shipping-taxable","13":"purchasable","14":"product-type-variable"},"acf":[],"ct_brands":[],"_links":{"self":[{"href":"https:\/\/www.12springssports.com\/de\/wp-json\/wp\/v2\/product\/13034","targetHints":{"allow":["GET"]}}],"collection":[{"href":"https:\/\/www.12springssports.com\/de\/wp-json\/wp\/v2\/product"}],"about":[{"href":"https:\/\/www.12springssports.com\/de\/wp-json\/wp\/v2\/types\/product"}],"wp:featuredmedia":[{"embeddable":true,"href":"https:\/\/www.12springssports.com\/de\/wp-json\/wp\/v2\/media\/9639"}],"wp:attachment":[{"href":"https:\/\/www.12springssports.com\/de\/wp-json\/wp\/v2\/media?parent=13034"}],"wp:term":[{"taxonomy":"product_brand","embeddable":true,"href":"https:\/\/www.12springssports.com\/de\/wp-json\/wp\/v2\/product_brand?post=13034"},{"taxonomy":"product_cat","embeddable":true,"href":"https:\/\/www.12springssports.com\/de\/wp-json\/wp\/v2\/product_cat?post=13034"},{"taxonomy":"product_tag","embeddable":true,"href":"https:\/\/www.12springssports.com\/de\/wp-json\/wp\/v2\/product_tag?post=13034"}],"curies":[{"name":"wp","href":"https:\/\/api.w.org\/{rel}","templated":true}]}}