{"id":5984,"date":"2025-04-03T16:56:23","date_gmt":"2025-04-03T14:56:23","guid":{"rendered":"https:\/\/www.12springssports.com\/garantie\/"},"modified":"2025-06-10T15:46:23","modified_gmt":"2025-06-10T13:46:23","slug":"garantie","status":"publish","type":"page","link":"https:\/\/www.12springssports.com\/de\/garantie\/","title":{"rendered":"Garantie"},"content":{"rendered":"\n<h2 class=\"wp-block-heading\">Inanspruchnahme einer Garantie:<\/h2>\n\n<ul class=\"wp-block-list\">\n<li>Melden Sie Ihre Beschwerde zun\u00e4chst per <a href=\"https:\/\/www.12springssports.com\/de\/kontakt\/\">E-Mail oder telefonisch<\/a> dort, wo Sie das Produkt gekauft haben. (Vergessen Sie nicht, Ihre Telefonnummer anzugeben) <\/li>\n\n\n\n<li>Sie ben\u00f6tigen einen Kaufnachweis (die Rechnung)<\/li>\n\n\n\n<li>Bitte beschreiben Sie das Problem in Ihrer E-Mail genau<\/li>\n\n\n\n<li>F\u00fcr eine schnellere Bearbeitung: Bitte senden Sie Fotos, auf denen das Problem deutlich zu erkennen ist.<\/li>\n\n\n\n<li>Falls erforderlich, muss das defekte Produkt zur \u00dcberpr\u00fcfung oder Reparatur an den technischen Dienst geschickt werden. Wenn Fotos eingesandt wurden, ist dies in einigen F\u00e4llen nicht mehr notwendig <\/li>\n\n\n\n<li>Es wird dann gepr\u00fcft, ob das Problem\/der Defekt unter die Garantie f\u00e4llt.<\/li>\n<\/ul>\n\n<p><\/p>\n","protected":false},"excerpt":{"rendered":"<p>Inanspruchnahme einer Garantie:<\/p>\n","protected":false},"author":3,"featured_media":0,"parent":0,"menu_order":11,"comment_status":"closed","ping_status":"closed","template":"","meta":{"_acf_changed":false,"_eb_attr":"","footnotes":""},"class_list":["post-5984","page","type-page","status-publish","hentry"],"blocksy_meta":[],"acf":[],"_links":{"self":[{"href":"https:\/\/www.12springssports.com\/de\/wp-json\/wp\/v2\/pages\/5984","targetHints":{"allow":["GET"]}}],"collection":[{"href":"https:\/\/www.12springssports.com\/de\/wp-json\/wp\/v2\/pages"}],"about":[{"href":"https:\/\/www.12springssports.com\/de\/wp-json\/wp\/v2\/types\/page"}],"author":[{"embeddable":true,"href":"https:\/\/www.12springssports.com\/de\/wp-json\/wp\/v2\/users\/3"}],"replies":[{"embeddable":true,"href":"https:\/\/www.12springssports.com\/de\/wp-json\/wp\/v2\/comments?post=5984"}],"version-history":[{"count":0,"href":"https:\/\/www.12springssports.com\/de\/wp-json\/wp\/v2\/pages\/5984\/revisions"}],"wp:attachment":[{"href":"https:\/\/www.12springssports.com\/de\/wp-json\/wp\/v2\/media?parent=5984"}],"curies":[{"name":"wp","href":"https:\/\/api.w.org\/{rel}","templated":true}]}}