{"id":8141,"date":"2025-03-06T08:58:32","date_gmt":"2025-03-06T07:58:32","guid":{"rendered":"https:\/\/www.12springssports.com\/Ikke kategoriseret\/vault-velcro-maalebaand\/"},"modified":"2025-03-06T08:58:32","modified_gmt":"2025-03-06T07:58:32","slug":"vault-velcro-maalebaand","status":"publish","type":"product","link":"https:\/\/www.12springssports.com\/da\/gymnastikudstyr\/vault-velcro-maalebaand\/","title":{"rendered":"Vault Velcro m\u00e5leb\u00e5nd"},"content":{"rendered":"","protected":false},"excerpt":{"rendered":"<p>Det perfekte tilbeh\u00f8r til springtr\u00e6ning. M\u00e5l din position med n\u00f8jagtighed under tr\u00e6ning eller konkurrence! <\/p>\n<p>Velcro-m\u00e5leb\u00e5ndet er til filtgulve. M\u00e5leb\u00e5ndet er 10 cm bredt og 25 m langt og i farven gr\u00e5 med sort cm-angivelse trykt p\u00e5 det. <\/p>\n<ul>\n<li>10 cm bred x 25 meter lang<\/li>\n<li>Gr\u00e5 med sort tryk<\/li>\n<li>Fastg\u00f8res sikkert og l\u00f8snes nemt<\/li>\n<\/ul>\n","protected":false},"featured_media":8142,"template":"","meta":{"_acf_changed":false,"_eb_attr":""},"product_brand":[128],"product_cat":[706,783],"product_tag":[],"class_list":{"0":"post-8141","1":"product","2":"type-product","3":"status-publish","4":"has-post-thumbnail","6":"product_brand-12springs","7":"product_cat-gymnastikudstyr","8":"product_cat-springgymnastik","9":"product_shipping_class-dpd-package","11":"first","12":"instock","13":"taxable","14":"shipping-taxable","15":"purchasable","16":"product-type-simple"},"acf":[],"ct_brands":[{"id":128,"name":"12SPRINGS","slug":"12springs"}],"_links":{"self":[{"href":"https:\/\/www.12springssports.com\/da\/wp-json\/wp\/v2\/product\/8141","targetHints":{"allow":["GET"]}}],"collection":[{"href":"https:\/\/www.12springssports.com\/da\/wp-json\/wp\/v2\/product"}],"about":[{"href":"https:\/\/www.12springssports.com\/da\/wp-json\/wp\/v2\/types\/product"}],"wp:featuredmedia":[{"embeddable":true,"href":"https:\/\/www.12springssports.com\/da\/wp-json\/wp\/v2\/media\/8142"}],"wp:attachment":[{"href":"https:\/\/www.12springssports.com\/da\/wp-json\/wp\/v2\/media?parent=8141"}],"wp:term":[{"taxonomy":"product_brand","embeddable":true,"href":"https:\/\/www.12springssports.com\/da\/wp-json\/wp\/v2\/product_brand?post=8141"},{"taxonomy":"product_cat","embeddable":true,"href":"https:\/\/www.12springssports.com\/da\/wp-json\/wp\/v2\/product_cat?post=8141"},{"taxonomy":"product_tag","embeddable":true,"href":"https:\/\/www.12springssports.com\/da\/wp-json\/wp\/v2\/product_tag?post=8141"}],"curies":[{"name":"wp","href":"https:\/\/api.w.org\/{rel}","templated":true}]}}