{"id":8139,"date":"2025-03-06T05:02:04","date_gmt":"2025-03-06T04:02:04","guid":{"rendered":"https:\/\/www.12springssports.com\/Ikke%20kategoriseret\/flikflak-traener\/"},"modified":"2025-06-10T11:15:22","modified_gmt":"2025-06-10T09:15:22","slug":"flikflak-traener","status":"publish","type":"product","link":"https:\/\/www.12springssports.com\/da\/gymnastikudstyr\/flikflak-traener\/","title":{"rendered":"Flikflak tr\u00e6ner"},"content":{"rendered":"\n<h2 class=\"wp-block-heading has-text-align-center\">Flic-Flac tr\u00e6ner<\/h2>\n\n<p>Flikflak tr\u00e6neren, ogs\u00e5 kendt som en Flic-Flac Trainer, er et vigtigt redskab for gymnaster, der l\u00e6rer eller perfektionerer bagl\u00e6ns h\u00e5ndspring. Den er designet til at give st\u00f8tte og stabilitet og hj\u00e6lper ud\u00f8verne med at opbygge selvtillid, mens de bevarer den korrekte kropsposition gennem hele bev\u00e6gelsen. <\/p>\n\n<p>Denne tr\u00e6ner g\u00f8r det muligt for gymnaster at tr\u00e6ne uafh\u00e6ngigt, hvilket reducerer behovet for konstant overv\u00e5gning af en tr\u00e6ner. Det lette, men holdbare design sikrer nem h\u00e5ndtering, mens den bl\u00f8de skumkonstruktion af h\u00f8j kvalitet giver en sikker og behagelig tr\u00e6ningsoplevelse. <\/p>\n\n<p>Flikflak Tr\u00e6neren er ideel til gymnastikforeninger, skoler og hjemmetr\u00e6ning og er perfekt til at udvikle korrekt teknik p\u00e5 en kontrolleret og st\u00f8ttende m\u00e5de.<\/p>\n","protected":false},"excerpt":{"rendered":"<p>Flic-Flac Trainer er det ideelle og sikre tr\u00e6ningsredskab til (selvst\u00e6ndig) indl\u00e6ring af frontflip og flicflac, men kan ogs\u00e5 bruges til mange andre sjove metodiske \u00f8velser. Fremstillet af gr\u00e5t, holdbart PVC-materiale med skum af h\u00f8j kvalitet.   <strong>Diameter: 90 cm x 68 cm bred. S\u00e6dedybde p\u00e5 40 cm. <\/strong><\/p>\n<ul>\n<li>Gr\u00e5 \/ orange<\/li>\n<li>Praktiske og holdbare h\u00e5ndtag og lynl\u00e5s<\/li>\n<li>Perfekt til udvikling af f\u00e6rdigheder<\/li>\n<\/ul>\n","protected":false},"featured_media":7488,"template":"","meta":{"_acf_changed":false,"_eb_attr":""},"product_brand":[128],"product_cat":[706,800],"product_tag":[661],"class_list":{"0":"post-8139","1":"product","2":"type-product","3":"status-publish","4":"has-post-thumbnail","6":"product_brand-12springs","7":"product_cat-gymnastikudstyr","8":"product_cat-flikflak-traener","9":"product_tag-skoler-og-klubber","10":"product_shipping_class-mainfreight-colli-c","12":"first","13":"instock","14":"taxable","15":"shipping-taxable","16":"purchasable","17":"product-type-simple"},"acf":[],"ct_brands":[{"id":128,"name":"12SPRINGS","slug":"12springs"}],"_links":{"self":[{"href":"https:\/\/www.12springssports.com\/da\/wp-json\/wp\/v2\/product\/8139","targetHints":{"allow":["GET"]}}],"collection":[{"href":"https:\/\/www.12springssports.com\/da\/wp-json\/wp\/v2\/product"}],"about":[{"href":"https:\/\/www.12springssports.com\/da\/wp-json\/wp\/v2\/types\/product"}],"wp:featuredmedia":[{"embeddable":true,"href":"https:\/\/www.12springssports.com\/da\/wp-json\/wp\/v2\/media\/7488"}],"wp:attachment":[{"href":"https:\/\/www.12springssports.com\/da\/wp-json\/wp\/v2\/media?parent=8139"}],"wp:term":[{"taxonomy":"product_brand","embeddable":true,"href":"https:\/\/www.12springssports.com\/da\/wp-json\/wp\/v2\/product_brand?post=8139"},{"taxonomy":"product_cat","embeddable":true,"href":"https:\/\/www.12springssports.com\/da\/wp-json\/wp\/v2\/product_cat?post=8139"},{"taxonomy":"product_tag","embeddable":true,"href":"https:\/\/www.12springssports.com\/da\/wp-json\/wp\/v2\/product_tag?post=8139"}],"curies":[{"name":"wp","href":"https:\/\/api.w.org\/{rel}","templated":true}]}}