{"id":8125,"date":"2025-03-06T05:22:52","date_gmt":"2025-03-06T04:22:52","guid":{"rendered":"https:\/\/www.12springssports.com\/Ikke%20kategoriseret\/yurchenko-maatte\/"},"modified":"2025-06-10T11:15:22","modified_gmt":"2025-06-10T09:15:22","slug":"yurchenko-maatte","status":"publish","type":"product","link":"https:\/\/www.12springssports.com\/da\/gymnastikudstyr\/yurchenko-maatte\/","title":{"rendered":"Yurchenko-m\u00e5tte"},"content":{"rendered":"\n<p>Yurchenko Round-Off Mat er designet til at give gymnaster en stabil og polstret overflade, n\u00e5r de \u00f8ver sig i at lave runde afs\u00e6t. Placeret foran springbr\u00e6ttet hj\u00e6lper den med at absorbere st\u00f8d, hvilket reducerer belastningen p\u00e5 h\u00e5ndled og led, samtidig med at den sikrer en ensartet h\u00e5ndplacering til afs\u00e6t. <\/p>\n\n<p>Denne m\u00e5tte er et vigtigt tr\u00e6ningsredskab til at l\u00e6re og forfine Yurchenko-spring, s\u00e5 gymnasterne kan opbygge selvtillid og teknik, f\u00f8r de g\u00e5r over til fulde spring. Den er ogs\u00e5 nyttig til tumbling-\u00f8velser, h\u00e5ndstandstr\u00e6ning og generel udvikling af f\u00e6rdigheder. <\/p>\n\n<p>M\u00e5tten er holdbar og bygget til brug med h\u00f8j belastning og er et must-have for gymnastikforeninger, skoler og tr\u00e6ningscentre, der \u00f8nsker at forbedre sikkerheden og ydeevnen i spring\u00f8velser.<\/p>\n\n<p><\/p>\n","protected":false},"excerpt":{"rendered":"<p>Yurchenko-m\u00e5tten (ogs\u00e5 kendt som round-off) er lavet af skum og PVC i h\u00f8j kvalitet med lynl\u00e5s og en skridsikker underside.<\/p>\n<p><strong>Officiel FIG-st\u00f8rrelse: 120 x 100 x 3 cm<\/strong><\/p>\n<p>Giver ekstra st\u00f8tte, n\u00e5r man \u00f8ver kraftfulde springf\u00e6rdigheder som Yurchenko Vault eller round-off entry vaults.<\/p>\n","protected":false},"featured_media":7522,"template":"","meta":{"_acf_changed":false,"_eb_attr":""},"product_brand":[128],"product_cat":[706,783],"product_tag":[],"class_list":{"0":"post-8125","1":"product","2":"type-product","3":"status-publish","4":"has-post-thumbnail","6":"product_brand-12springs","7":"product_cat-gymnastikudstyr","8":"product_cat-springgymnastik","9":"product_shipping_class-dpd-package","11":"first","12":"instock","13":"taxable","14":"shipping-taxable","15":"purchasable","16":"product-type-simple"},"acf":[],"ct_brands":[{"id":128,"name":"12SPRINGS","slug":"12springs"}],"_links":{"self":[{"href":"https:\/\/www.12springssports.com\/da\/wp-json\/wp\/v2\/product\/8125","targetHints":{"allow":["GET"]}}],"collection":[{"href":"https:\/\/www.12springssports.com\/da\/wp-json\/wp\/v2\/product"}],"about":[{"href":"https:\/\/www.12springssports.com\/da\/wp-json\/wp\/v2\/types\/product"}],"wp:featuredmedia":[{"embeddable":true,"href":"https:\/\/www.12springssports.com\/da\/wp-json\/wp\/v2\/media\/7522"}],"wp:attachment":[{"href":"https:\/\/www.12springssports.com\/da\/wp-json\/wp\/v2\/media?parent=8125"}],"wp:term":[{"taxonomy":"product_brand","embeddable":true,"href":"https:\/\/www.12springssports.com\/da\/wp-json\/wp\/v2\/product_brand?post=8125"},{"taxonomy":"product_cat","embeddable":true,"href":"https:\/\/www.12springssports.com\/da\/wp-json\/wp\/v2\/product_cat?post=8125"},{"taxonomy":"product_tag","embeddable":true,"href":"https:\/\/www.12springssports.com\/da\/wp-json\/wp\/v2\/product_tag?post=8125"}],"curies":[{"name":"wp","href":"https:\/\/api.w.org\/{rel}","templated":true}]}}