{"id":8054,"date":"2025-03-05T14:45:53","date_gmt":"2025-03-05T13:45:53","guid":{"rendered":"https:\/\/www.12springssports.com\/Ikke%20kategoriseret\/gym-block\/"},"modified":"2025-07-02T16:38:06","modified_gmt":"2025-07-02T14:38:06","slug":"gym-block","status":"publish","type":"product","link":"https:\/\/www.12springssports.com\/da\/gymnastikudstyr\/gym-blocks\/gym-block\/","title":{"rendered":"Gym Block"},"content":{"rendered":"\n<h2 class=\"wp-block-heading has-text-align-center\">Alsidig og praktisk tr\u00e6ningshj\u00e6lp<\/h2>\n\n<p>Gym Block er et alsidigt og praktisk metodisk hj\u00e6lpemiddel, der er perfekt til bev\u00e6gelsesundervisning (PO og VO), gymnastik og freerun. Du kan bruge Gym Blocks sammen eller i kombination med andre materialer til at skabe forskellige tr\u00e6ningsopstillinger til forskellige aktiviteter. <\/p>\n\n<h3 class=\"wp-block-heading\">Stabilt og sikkert design<\/h3>\n\n<p>Bunden af Gym Block er d\u00e6kket af sort skridsikkert materiale, som giver ekstra stabilitet under brug, selv p\u00e5 glatte overflader. De praktiske h\u00e5ndtag g\u00f8r det nemt at flytte blokkene, s\u00e5 du kan foretage hurtige justeringer under undervisningen eller tr\u00e6ningen. <\/p>\n\n<h3 class=\"wp-block-heading\">Holdbar og h\u00f8j kvalitet<\/h3>\n\n<p>Gym Block er fyldt med skum med h\u00f8j densitet for optimal st\u00f8tte og holdbarhed. Blokkene er bekl\u00e6dt med robust PVC-materiale, der kan modst\u00e5 kraftig brug. Det stilfulde gr\u00e5 design med orange h\u00e5ndtag giver et moderne og elegant look til ethvert fitnesscenter.  <\/p>\n","protected":false},"excerpt":{"rendered":"<p>Den store multifunktionelle gymnastikblok f\u00e5s i 2 st\u00f8rrelser og er et perfekt og praktisk redskab til gymnastik og freerun. Den kan bruges til at klatre eller kravle p\u00e5, som tr\u00e6dehj\u00e6lp, gribeplatform og metodiske \u00f8velser&#8230;&#8230;mulighederne er uendelige!<\/p>\n<p>Fremstillet af gr\u00e5t, holdbart PVC-materiale med h\u00e5rdt skum af h\u00f8j kvalitet.<\/p>\n<ul>\n<li><strong>120 x 90 x 60 cm<\/strong> &#8211; Allroundblokken, et praktisk redskab til gymnastik, freerun-timer. Kan bruges til klatring, som trinbr\u00e6t eller gribeplatform. <\/li>\n<li><strong>120 x 80 x 80 cm<\/strong> &#8211; Denne blok er h\u00e5rdere og tungere, hvilket giver ekstra stabilitet for tr\u00e6nerne, n\u00e5r de skal st\u00e5 og gribe ved f.eks. uj\u00e6vne st\u00e6nger.<\/li>\n<\/ul>\n<p>Begge er udstyret med en lynl\u00e5s med lynl\u00e5sbeskyttelse og sort skridsikkert materiale i bunden. De orange h\u00e5ndtag p\u00e5 siderne g\u00f8r den nem at flytte. <\/p>\n<p><strong>Inklusive moms | Gratis transport i NL &amp; BE | Forsendelsestill\u00e6g til andre lande.<\/strong><\/p>\n","protected":false},"featured_media":7498,"template":"","meta":{"_acf_changed":false,"_eb_attr":""},"product_brand":[128],"product_cat":[793,706],"product_tag":[661],"class_list":{"0":"post-8054","1":"product","2":"type-product","3":"status-publish","4":"has-post-thumbnail","6":"product_brand-12springs","7":"product_cat-gym-blocks","8":"product_cat-gymnastikudstyr","9":"product_tag-skoler-og-klubber","10":"product_shipping_class-mainfreight-quantity-based","12":"first","13":"instock","14":"taxable","15":"shipping-taxable","16":"purchasable","17":"product-type-variable"},"acf":[],"ct_brands":[{"id":128,"name":"12SPRINGS","slug":"12springs"}],"_links":{"self":[{"href":"https:\/\/www.12springssports.com\/da\/wp-json\/wp\/v2\/product\/8054","targetHints":{"allow":["GET"]}}],"collection":[{"href":"https:\/\/www.12springssports.com\/da\/wp-json\/wp\/v2\/product"}],"about":[{"href":"https:\/\/www.12springssports.com\/da\/wp-json\/wp\/v2\/types\/product"}],"wp:featuredmedia":[{"embeddable":true,"href":"https:\/\/www.12springssports.com\/da\/wp-json\/wp\/v2\/media\/7498"}],"wp:attachment":[{"href":"https:\/\/www.12springssports.com\/da\/wp-json\/wp\/v2\/media?parent=8054"}],"wp:term":[{"taxonomy":"product_brand","embeddable":true,"href":"https:\/\/www.12springssports.com\/da\/wp-json\/wp\/v2\/product_brand?post=8054"},{"taxonomy":"product_cat","embeddable":true,"href":"https:\/\/www.12springssports.com\/da\/wp-json\/wp\/v2\/product_cat?post=8054"},{"taxonomy":"product_tag","embeddable":true,"href":"https:\/\/www.12springssports.com\/da\/wp-json\/wp\/v2\/product_tag?post=8054"}],"curies":[{"name":"wp","href":"https:\/\/api.w.org\/{rel}","templated":true}]}}