{"id":8051,"date":"2025-03-06T10:15:00","date_gmt":"2025-03-06T09:15:00","guid":{"rendered":"https:\/\/www.12springssports.com\/Ikke kategoriseret\/u-formet-beskyttelsespude\/"},"modified":"2025-03-06T10:15:00","modified_gmt":"2025-03-06T09:15:00","slug":"u-formet-beskyttelsespude","status":"publish","type":"product","link":"https:\/\/www.12springssports.com\/da\/gymnastikudstyr\/u-formet-beskyttelsespude\/","title":{"rendered":"U-formet beskyttelsespude"},"content":{"rendered":"","protected":false},"excerpt":{"rendered":"<p>Gr\u00e5 beskyttende U-formet pude til h\u00f8je og uj\u00e6vne ribber. Et uundv\u00e6rligt redskab under tr\u00e6ningen til mere sikker indl\u00e6ring af nye (flyve)elementer. <\/p>\n<p>Denne beskyttende polstring hj\u00e6lper med at minimere st\u00f8d og reducerer risikoen for skader under gymnastiktr\u00e6ning p\u00e5 h\u00f8je eller sk\u00e6ve ribber.<\/p>\n<p>Fremstillet af PVC-materiale af h\u00f8j kvalitet med skumpolstring og udstyret med en praktisk l\u00f8kke til hurtig aftagning af polstringen.<\/p>\n<p><strong>St\u00f8rrelse: 140 x 14,5 x 16,5 cm<\/strong><\/p>\n<ul>\n<li>Velegnet til h\u00f8je\/uj\u00e6vne st\u00e6nger<\/li>\n<li>Fremstillet af h\u00e5rdt skum og PVC af h\u00f8j kvalitet<\/li>\n<li>Hurtig og nem at fastg\u00f8re med velcro.<\/li>\n<\/ul>\n","protected":false},"featured_media":7492,"template":"","meta":{"_acf_changed":false,"_eb_attr":""},"product_brand":[128],"product_cat":[706,792],"product_tag":[],"class_list":{"0":"post-8051","1":"product","2":"type-product","3":"status-publish","4":"has-post-thumbnail","6":"product_brand-12springs","7":"product_cat-gymnastikudstyr","8":"product_cat-bargymnastik","9":"product_shipping_class-dpd-package","11":"first","12":"instock","13":"taxable","14":"shipping-taxable","15":"purchasable","16":"product-type-simple"},"acf":[],"ct_brands":[{"id":128,"name":"12SPRINGS","slug":"12springs"}],"_links":{"self":[{"href":"https:\/\/www.12springssports.com\/da\/wp-json\/wp\/v2\/product\/8051","targetHints":{"allow":["GET"]}}],"collection":[{"href":"https:\/\/www.12springssports.com\/da\/wp-json\/wp\/v2\/product"}],"about":[{"href":"https:\/\/www.12springssports.com\/da\/wp-json\/wp\/v2\/types\/product"}],"wp:featuredmedia":[{"embeddable":true,"href":"https:\/\/www.12springssports.com\/da\/wp-json\/wp\/v2\/media\/7492"}],"wp:attachment":[{"href":"https:\/\/www.12springssports.com\/da\/wp-json\/wp\/v2\/media?parent=8051"}],"wp:term":[{"taxonomy":"product_brand","embeddable":true,"href":"https:\/\/www.12springssports.com\/da\/wp-json\/wp\/v2\/product_brand?post=8051"},{"taxonomy":"product_cat","embeddable":true,"href":"https:\/\/www.12springssports.com\/da\/wp-json\/wp\/v2\/product_cat?post=8051"},{"taxonomy":"product_tag","embeddable":true,"href":"https:\/\/www.12springssports.com\/da\/wp-json\/wp\/v2\/product_tag?post=8051"}],"curies":[{"name":"wp","href":"https:\/\/api.w.org\/{rel}","templated":true}]}}