{"id":8036,"date":"2025-03-06T10:37:33","date_gmt":"2025-03-06T10:37:33","guid":{"rendered":"https:\/\/www.12springssports.com\/Ikke%20kategoriseret\/beskyttelsesmaatte-til-springbraet\/"},"modified":"2026-01-09T08:50:08","modified_gmt":"2026-01-09T07:50:08","slug":"beskyttelsesmaatte-til-springbraet","status":"publish","type":"product","link":"https:\/\/www.12springssports.com\/da\/gymnastikudstyr\/beskyttelsesmaatte-til-springbraet\/","title":{"rendered":"Beskyttelsesm\u00e5tte til springbr\u00e6t"},"content":{"rendered":"","protected":false},"excerpt":{"rendered":"<p>En gr\u00e5 beskyttelsesm\u00e5tte, der passer rundt om alle springbr\u00e6tter. Fremstillet af skum- og PVC-materiale af h\u00f8j kvalitet, udstyret med lynl\u00e5s og lynl\u00e5sbeskyttelse og med skridsikker underside&#8230;. <\/p>\n<p>Til sikker udf\u00f8relse af rondatspring, som f.eks. en Yurchenko.<\/p>\n<p><strong>Dimensioner: 140 x 120 x 22 cm<\/strong><\/p>\n<ul class=\"shortlist\">\n<li>Skum med h\u00f8j densitet<\/li>\n<li>PVC-materiale af h\u00f8j kvalitet med lynl\u00e5s<\/li>\n<\/ul>\n","protected":false},"featured_media":7518,"template":"","meta":{"_acf_changed":false,"_eb_attr":""},"product_brand":[128],"product_cat":[706,783],"product_tag":[],"class_list":{"0":"post-8036","1":"product","2":"type-product","3":"status-publish","4":"has-post-thumbnail","6":"product_brand-12springs","7":"product_cat-gymnastikudstyr","8":"product_cat-springgymnastik","9":"product_shipping_class-dpd-package","11":"first","12":"instock","13":"taxable","14":"shipping-taxable","15":"purchasable","16":"product-type-simple"},"acf":[],"ct_brands":[{"id":128,"name":"12SPRINGS","slug":"12springs"}],"_links":{"self":[{"href":"https:\/\/www.12springssports.com\/da\/wp-json\/wp\/v2\/product\/8036","targetHints":{"allow":["GET"]}}],"collection":[{"href":"https:\/\/www.12springssports.com\/da\/wp-json\/wp\/v2\/product"}],"about":[{"href":"https:\/\/www.12springssports.com\/da\/wp-json\/wp\/v2\/types\/product"}],"wp:featuredmedia":[{"embeddable":true,"href":"https:\/\/www.12springssports.com\/da\/wp-json\/wp\/v2\/media\/7518"}],"wp:attachment":[{"href":"https:\/\/www.12springssports.com\/da\/wp-json\/wp\/v2\/media?parent=8036"}],"wp:term":[{"taxonomy":"product_brand","embeddable":true,"href":"https:\/\/www.12springssports.com\/da\/wp-json\/wp\/v2\/product_brand?post=8036"},{"taxonomy":"product_cat","embeddable":true,"href":"https:\/\/www.12springssports.com\/da\/wp-json\/wp\/v2\/product_cat?post=8036"},{"taxonomy":"product_tag","embeddable":true,"href":"https:\/\/www.12springssports.com\/da\/wp-json\/wp\/v2\/product_tag?post=8036"}],"curies":[{"name":"wp","href":"https:\/\/api.w.org\/{rel}","templated":true}]}}