{"id":8032,"date":"2025-03-06T10:48:00","date_gmt":"2025-03-06T09:48:00","guid":{"rendered":"https:\/\/www.12springssports.com\/Ikke kategoriseret\/springbraet-soft\/"},"modified":"2025-03-06T10:48:00","modified_gmt":"2025-03-06T09:48:00","slug":"springbraet-soft","status":"publish","type":"product","link":"https:\/\/www.12springssports.com\/da\/gymnastikudstyr\/springbraet-soft\/","title":{"rendered":"Springbr\u00e6t Soft"},"content":{"rendered":"","protected":false},"excerpt":{"rendered":"<p>Det gr\u00e5 Springbr\u00e6t Soft har 5 sorte koniske st\u00e5lfjedre.<\/p>\n<p>FIG standard m\u00e5ler 120x60x22cm i buet krydsfiner og d\u00e6kket med skum og t\u00e6ppe.<\/p>\n<p>Med skridsikre gulvbeskyttere og indbyggede h\u00e5ndtag. Velegnet til springere p\u00e5 40-75 kg. <\/p>\n<ul>\n<li>Standard FIG-st\u00f8rrelse p\u00e5 120 x 60 x 22 cm<\/li>\n<li>Robuste skridsikre gulvbeskyttere<\/li>\n<li>Udstyret med 5 koniske st\u00e5lfjedre<\/li>\n<li>Maksimal v\u00e6gt 40-75 kg<\/li>\n<\/ul>\n<p>Let at flytte p\u00e5 grund af indbyggede h\u00e5ndtag.<\/p>\n","protected":false},"featured_media":7515,"template":"","meta":{"_acf_changed":false,"_eb_attr":""},"product_brand":[128],"product_cat":[706,783],"product_tag":[],"class_list":{"0":"post-8032","1":"product","2":"type-product","3":"status-publish","4":"has-post-thumbnail","6":"product_brand-12springs","7":"product_cat-gymnastikudstyr","8":"product_cat-springgymnastik","9":"product_shipping_class-mainfreight-colli-a","11":"first","12":"onbackorder","13":"taxable","14":"shipping-taxable","15":"purchasable","16":"product-type-simple"},"acf":[],"ct_brands":[{"id":128,"name":"12SPRINGS","slug":"12springs"}],"_links":{"self":[{"href":"https:\/\/www.12springssports.com\/da\/wp-json\/wp\/v2\/product\/8032","targetHints":{"allow":["GET"]}}],"collection":[{"href":"https:\/\/www.12springssports.com\/da\/wp-json\/wp\/v2\/product"}],"about":[{"href":"https:\/\/www.12springssports.com\/da\/wp-json\/wp\/v2\/types\/product"}],"wp:featuredmedia":[{"embeddable":true,"href":"https:\/\/www.12springssports.com\/da\/wp-json\/wp\/v2\/media\/7515"}],"wp:attachment":[{"href":"https:\/\/www.12springssports.com\/da\/wp-json\/wp\/v2\/media?parent=8032"}],"wp:term":[{"taxonomy":"product_brand","embeddable":true,"href":"https:\/\/www.12springssports.com\/da\/wp-json\/wp\/v2\/product_brand?post=8032"},{"taxonomy":"product_cat","embeddable":true,"href":"https:\/\/www.12springssports.com\/da\/wp-json\/wp\/v2\/product_cat?post=8032"},{"taxonomy":"product_tag","embeddable":true,"href":"https:\/\/www.12springssports.com\/da\/wp-json\/wp\/v2\/product_tag?post=8032"}],"curies":[{"name":"wp","href":"https:\/\/api.w.org\/{rel}","templated":true}]}}