{"id":7975,"date":"2025-03-06T13:56:29","date_gmt":"2025-03-06T12:56:29","guid":{"rendered":"https:\/\/www.12springssports.com\/Ikke kategoriseret\/straalemaatte\/"},"modified":"2025-03-06T13:56:29","modified_gmt":"2025-03-06T12:56:29","slug":"straalemaatte","status":"publish","type":"product","link":"https:\/\/www.12springssports.com\/da\/gymnastikudstyr\/straalemaatte\/","title":{"rendered":"Str\u00e5lem\u00e5tte"},"content":{"rendered":"","protected":false},"excerpt":{"rendered":"<p>Badem\u00e5tte i farven lyser\u00f8d eller gr\u00e5. Badem\u00e5tten er lavet af PU-materiale (polyuretan) med skum af h\u00f8j kvalitet p\u00e5 indersiden og skridsikker underside. <\/p>\n<p>Giver ekstra st\u00f8dd\u00e6mpning og er mindre belastende for leddene, n\u00e5r man lander p\u00e5 gymnastiske eller akrobatiske elementer. Kan ogs\u00e5 bruges sammen med andre redskaber. <\/p>\n<p><strong>Dimensioner: 150 x 100 x 1,5 cm<\/strong><\/p>\n<ul>\n<li>Fremstillet af slidst\u00e6rkt PU-polyuretanmateriale<\/li>\n<li>Skum af h\u00f8j kvalitet til st\u00f8dabsorbering<\/li>\n<li>Ideel til str\u00e5letr\u00e6ning<\/li>\n<\/ul>\n<p>Denne m\u00e5tte er perfekt til gymnaster p\u00e5 alle niveauer og giver selvtillid til hver eneste \u00f8velse ved at forbedre sikkerheden og komforten.<\/p>\n","protected":false},"featured_media":7976,"template":"","meta":{"_acf_changed":false,"_eb_attr":""},"product_brand":[128],"product_cat":[706,742],"product_tag":[],"class_list":{"0":"post-7975","1":"product","2":"type-product","3":"status-publish","4":"has-post-thumbnail","6":"product_brand-12springs","7":"product_cat-gymnastikudstyr","8":"product_cat-bojlegymnastik","9":"product_shipping_class-dpd-package","11":"first","12":"instock","13":"taxable","14":"shipping-taxable","15":"purchasable","16":"product-type-variable"},"acf":[],"ct_brands":[{"id":128,"name":"12SPRINGS","slug":"12springs"}],"_links":{"self":[{"href":"https:\/\/www.12springssports.com\/da\/wp-json\/wp\/v2\/product\/7975","targetHints":{"allow":["GET"]}}],"collection":[{"href":"https:\/\/www.12springssports.com\/da\/wp-json\/wp\/v2\/product"}],"about":[{"href":"https:\/\/www.12springssports.com\/da\/wp-json\/wp\/v2\/types\/product"}],"wp:featuredmedia":[{"embeddable":true,"href":"https:\/\/www.12springssports.com\/da\/wp-json\/wp\/v2\/media\/7976"}],"wp:attachment":[{"href":"https:\/\/www.12springssports.com\/da\/wp-json\/wp\/v2\/media?parent=7975"}],"wp:term":[{"taxonomy":"product_brand","embeddable":true,"href":"https:\/\/www.12springssports.com\/da\/wp-json\/wp\/v2\/product_brand?post=7975"},{"taxonomy":"product_cat","embeddable":true,"href":"https:\/\/www.12springssports.com\/da\/wp-json\/wp\/v2\/product_cat?post=7975"},{"taxonomy":"product_tag","embeddable":true,"href":"https:\/\/www.12springssports.com\/da\/wp-json\/wp\/v2\/product_tag?post=7975"}],"curies":[{"name":"wp","href":"https:\/\/api.w.org\/{rel}","templated":true}]}}