{"id":7938,"date":"2025-03-06T09:28:00","date_gmt":"2025-03-06T08:28:00","guid":{"rendered":"https:\/\/www.12springssports.com\/Ikke%20kategoriseret\/balancebom-af-skum\/"},"modified":"2025-12-01T11:15:32","modified_gmt":"2025-12-01T10:15:32","slug":"balancebom-af-skum","status":"publish","type":"product","link":"https:\/\/www.12springssports.com\/da\/gymnastikudstyr\/balancebom-af-skum\/","title":{"rendered":"Balancebom af skum"},"content":{"rendered":"\n<h2 class=\"wp-block-heading has-text-align-center\">Udvikl dine gymnastiske f\u00e6rdigheder<\/h2>\n\n<p>Balancebommen af skum hj\u00e6lper gymnaster med at udvikle deres f\u00e6rdigheder som gang, drejninger, spring og andre elementer p\u00e5 et lavt niveau, f\u00f8r de opgraderer til den h\u00e6vede bom.<\/p>\n\n<ul class=\"wp-block-list\">\n<li>Perfekt til alle niveauer, begyndere, der skal l\u00e6re nye elementer, eller \u00f8vede, der skal forfine deres teknikker.<\/li>\n\n\n\n<li>Alsidigt tr\u00e6ningsudstyr, som kan bruges i gymnastikforeninger eller skoler.<\/li>\n\n\n\n<li>Lavt til jorden hj\u00e6lper med at reducere risikoen for skader, samtidig med at selvtilliden \u00f8ges<\/li>\n<\/ul>\n\n<p>Vil du bestille en specialfarve til din klub? Kontakt os for detaljer! <\/p>\n","protected":false},"excerpt":{"rendered":"<p>Gr\u00e5 eller pink balancebom af h\u00e5rdt skum med PVC-materiale og skridsikker underside. 3 m lang, 8 cm h\u00f8j og skr\u00e5nende fra 25 cm til 15 cm bred med en 10 cm bred hvid midterlinje. <\/p>\n<p>Til sikker indl\u00e6ring af nye gymnastiske og akrobatiske elementer. Til brug i gymnastiksalen eller derhjemme. <\/p>\n<p><strong>Dimensioner: 3 m x 15 cm x 8 cm | Topbredde: 15 cm | Bundbredde: 25 cm  <\/strong><\/p>\n<ul class=\"shortlist\">\n<li>Lavt til jorden str\u00e5le<\/li>\n<li>H\u00e5rd og robust skumkerne<\/li>\n<li>Holdbart PVC-betr\u00e6k af h\u00f8j kvalitet<\/li>\n<li>P\u00e5 toppen 15 cm bred med en 10 cm bred midterlinje<\/li>\n<\/ul>\n","protected":false},"featured_media":7940,"template":"","meta":{"_acf_changed":false,"_eb_attr":""},"product_brand":[128],"product_cat":[706,742],"product_tag":[],"class_list":{"0":"post-7938","1":"product","2":"type-product","3":"status-publish","4":"has-post-thumbnail","6":"product_brand-12springs","7":"product_cat-gymnastikudstyr","8":"product_cat-bojlegymnastik","9":"product_shipping_class-mainfreight-colli-long","11":"first","12":"instock","13":"taxable","14":"shipping-taxable","15":"purchasable","16":"product-type-variable"},"acf":[],"ct_brands":[{"id":128,"name":"12SPRINGS","slug":"12springs"}],"_links":{"self":[{"href":"https:\/\/www.12springssports.com\/da\/wp-json\/wp\/v2\/product\/7938","targetHints":{"allow":["GET"]}}],"collection":[{"href":"https:\/\/www.12springssports.com\/da\/wp-json\/wp\/v2\/product"}],"about":[{"href":"https:\/\/www.12springssports.com\/da\/wp-json\/wp\/v2\/types\/product"}],"wp:featuredmedia":[{"embeddable":true,"href":"https:\/\/www.12springssports.com\/da\/wp-json\/wp\/v2\/media\/7940"}],"wp:attachment":[{"href":"https:\/\/www.12springssports.com\/da\/wp-json\/wp\/v2\/media?parent=7938"}],"wp:term":[{"taxonomy":"product_brand","embeddable":true,"href":"https:\/\/www.12springssports.com\/da\/wp-json\/wp\/v2\/product_brand?post=7938"},{"taxonomy":"product_cat","embeddable":true,"href":"https:\/\/www.12springssports.com\/da\/wp-json\/wp\/v2\/product_cat?post=7938"},{"taxonomy":"product_tag","embeddable":true,"href":"https:\/\/www.12springssports.com\/da\/wp-json\/wp\/v2\/product_tag?post=7938"}],"curies":[{"name":"wp","href":"https:\/\/api.w.org\/{rel}","templated":true}]}}