{"id":7866,"date":"2025-03-04T09:20:13","date_gmt":"2025-03-04T08:20:13","guid":{"rendered":"https:\/\/www.12springssports.com\/Ikke%20kategoriseret\/aircover-springboard-10-cm\/"},"modified":"2026-04-14T13:19:33","modified_gmt":"2026-04-14T11:19:33","slug":"aircover-springboard-10-cm","status":"publish","type":"product","link":"https:\/\/www.12springssports.com\/da\/airprodukter\/metodiske-luftprodukter\/aircover-springboard-10-cm\/","title":{"rendered":"AirCover &#8211; Springboard | 10 cm"},"content":{"rendered":"\n<h2 class=\"wp-block-heading has-text-align-center\">G\u00f8r springbr\u00e6ttet bl\u00f8dere og mere sk\u00e5nsomt<\/h2>\n\n<p>AirCover &#8211; Springboard er den optimale gymnastikm\u00e5tte til at forbedre din tr\u00e6ningsoplevelse med springbr\u00e6t. Den er udviklet ud fra principperne om \u00bbsk\u00e5nsom gymnastik\u00ab inden for KNGU for at reducere den fysiske belastning p\u00e5 ud\u00f8veren. Den m\u00e5ler 124 cm i l\u00e6ngden, 60 cm i bredden og er 10 cm tyk, hvilket g\u00f8r den velegnet til alle aldre, grupper og tr\u00e6ningsniveauer. Med D-ringe og nylonstropper p\u00e5 siderne kan du nemt fastg\u00f8re AirCover &#8211; Springboard til dit springbr\u00e6t. Den medf\u00f8lgende elektriske pumpe betyder, at du er klar til at tr\u00e6ne p\u00e5 ingen tid.    <\/p>\n\n<p>AirCover &#8211; Springboard har et robust design og fungerer som et sikkert og sk\u00e5nsomt metodev\u00e6rkt\u00f8j til at l\u00e6re nye gymnastik- og akrobatikelementer. Den reducerer risikoen for skader og beskytter kroppen under tr\u00e6ningen. De ekstra forst\u00e6rkede tr\u00e5de i AirCover giver b\u00e5de styrke og j\u00e6vnt tryk, og du kan nemt justere trykket og h\u00e5rdheden afh\u00e6ngigt af din alder, v\u00e6gt og tr\u00e6ningsniveau.  <\/p>\n\n<p>H\u00e5ndlavet af slidst\u00e6rkt PVC-materiale af h\u00f8j kvalitet (Double Wall Fabric) med limede s\u00f8mme for fuldst\u00e6ndig luft- og vandt\u00e6thed. Den tykkere kant g\u00f8r den ekstra holdbar og slidst\u00e6rk. AirCover &#8211; Springboard er kompakt og let og leveres med en praktisk taske til nem transport og opbevaring.  <\/p>\n\n<div class=\"wp-block-stackable-columns stk-block-columns stk-block stk-30d5dcf\" data-block-id=\"30d5dcf\"><style>.stk-30d5dcf .stk--block-align-30d5dcf{align-items:center !important;}.stk-30d5dcf {margin-bottom:60px !important;}<\/style><div class=\"stk-row stk-inner-blocks stk--block-align-30d5dcf stk-block-content stk-content-align stk-30d5dcf-column\">\n<div class=\"wp-block-stackable-column stk-block-column stk-column stk-block stk-3e03b1f\" data-v=\"4\" data-block-id=\"3e03b1f\"><style>.stk-3e03b1f {padding-top:15px !important;padding-right:15px !important;padding-bottom:15px !important;padding-left:15px !important;}@media screen and (max-width:689px){.stk-3e03b1f {padding-top:0px !important;padding-right:0px !important;padding-bottom:0px !important;padding-left:0px !important;}}<\/style><div class=\"stk-column-wrapper stk-block-column__content stk-container stk-3e03b1f-container stk--no-background stk--no-padding\"><div class=\"stk-block-content stk-inner-blocks stk-3e03b1f-inner-blocks\">\n<h3 class=\"wp-block-heading has-text-align-left\" id=\"extra-durability\">Hvorfor AirCover &#8211; Springboard?<\/h3>\n\n\n\n<div class=\"wp-block-stackable-icon-list stk-block-icon-list stk-block stk-b388d47\" data-block-id=\"b388d47\"><svg style=\"display:none\"><defs><g id=\"stk-icon-list__icon-svg-def-b388d47\"><svg xmlns=\"http:\/\/www.w3.org\/2000\/svg\" viewBox=\"0 0 190 190\"><polygon points=\"173.8,28.4 60.4,141.8 15.7,97.2 5.1,107.8 60.4,163 184.4,39 173.8,28.4\"\/><\/svg><\/g><\/defs><\/svg><ul class=\"stk-block-icon-list__ul stk-block-icon-list--column\">\n<li class=\"wp-block-stackable-icon-list-item stk-block-icon-list-item stk-block stk-2743d09\" data-block-id=\"2743d09\"><div class=\"stk-block-icon-list-item__content\"><span class=\"stk--svg-wrapper\"><div class=\"stk--inner-svg\"><svg aria-hidden=\"true\" width=\"32\" height=\"32\"><use xlink:href=\"#stk-icon-list__icon-svg-def-b388d47\"\/><\/svg><\/div><\/span><span class=\"stk-block-icon-list-item__text\">Udviklet efter principperne for \u00bbblid gymnastik\u00ab.<\/span><\/div><\/li>\n\n\n\n<li class=\"wp-block-stackable-icon-list-item stk-block-icon-list-item stk-block stk-682b0b9\" data-block-id=\"682b0b9\"><div class=\"stk-block-icon-list-item__content\"><span class=\"stk--svg-wrapper\"><div class=\"stk--inner-svg\"><svg aria-hidden=\"true\" width=\"32\" height=\"32\"><use xlink:href=\"#stk-icon-list__icon-svg-def-b388d47\"\/><\/svg><\/div><\/span><span class=\"stk-block-icon-list-item__text\">Reducerer den fysiske belastning p\u00e5 atleten<\/span><\/div><\/li>\n\n\n\n<li class=\"wp-block-stackable-icon-list-item stk-block-icon-list-item stk-block stk-f5a1ff3\" data-block-id=\"f5a1ff3\"><div class=\"stk-block-icon-list-item__content\"><span class=\"stk--svg-wrapper\"><div class=\"stk--inner-svg\"><svg aria-hidden=\"true\" width=\"32\" height=\"32\"><use xlink:href=\"#stk-icon-list__icon-svg-def-b388d47\"\/><\/svg><\/div><\/span><span class=\"stk-block-icon-list-item__text\">Velegnet til alle aldre, grupper og f\u00e6rdighedsniveauer<\/span><\/div><\/li>\n\n\n\n<li class=\"wp-block-stackable-icon-list-item stk-block-icon-list-item stk-block stk-96c021a\" data-block-id=\"96c021a\"><div class=\"stk-block-icon-list-item__content\"><span class=\"stk--svg-wrapper\"><div class=\"stk--inner-svg\"><svg aria-hidden=\"true\" width=\"32\" height=\"32\"><use xlink:href=\"#stk-icon-list__icon-svg-def-b388d47\"\/><\/svg><\/div><\/span><span class=\"stk-block-icon-list-item__text\">Kan fastg\u00f8res sikkert til alle typer springbr\u00e6tter<\/span><\/div><\/li>\n\n\n\n<li class=\"wp-block-stackable-icon-list-item stk-block-icon-list-item stk-block stk-9fcfef9\" data-block-id=\"9fcfef9\"><div class=\"stk-block-icon-list-item__content\"><span class=\"stk--svg-wrapper\"><div class=\"stk--inner-svg\"><svg aria-hidden=\"true\" width=\"32\" height=\"32\"><use xlink:href=\"#stk-icon-list__icon-svg-def-b388d47\"\/><\/svg><\/div><\/span><span class=\"stk-block-icon-list-item__text\">Mindre belastning af kroppen og mindre risiko for skader<\/span><\/div><\/li>\n\n\n\n<li class=\"wp-block-stackable-icon-list-item stk-block-icon-list-item stk-block stk-418bb80\" data-block-id=\"418bb80\"><div class=\"stk-block-icon-list-item__content\"><span class=\"stk--svg-wrapper\"><div class=\"stk--inner-svg\"><svg aria-hidden=\"true\" width=\"32\" height=\"32\"><use xlink:href=\"#stk-icon-list__icon-svg-def-b388d47\"\/><\/svg><\/div><\/span><span class=\"stk-block-icon-list-item__text\">Tryk og h\u00e5rdhed kan nemt justeres<\/span><\/div><\/li>\n\n\n\n<li class=\"wp-block-stackable-icon-list-item stk-block-icon-list-item stk-block stk-10b4469\" data-block-id=\"10b4469\"><div class=\"stk-block-icon-list-item__content\"><span class=\"stk--svg-wrapper\"><div class=\"stk--inner-svg\"><svg aria-hidden=\"true\" width=\"32\" height=\"32\"><use xlink:href=\"#stk-icon-list__icon-svg-def-b388d47\"\/><\/svg><\/div><\/span><span class=\"stk-block-icon-list-item__text\">Fremstillet af slidst\u00e6rkt PVC-materiale af h\u00f8j kvalitet<\/span><\/div><\/li>\n\n\n\n<li class=\"wp-block-stackable-icon-list-item stk-block-icon-list-item stk-block stk-683cdd4\" data-block-id=\"683cdd4\"><div class=\"stk-block-icon-list-item__content\"><span class=\"stk--svg-wrapper\"><div class=\"stk--inner-svg\"><svg aria-hidden=\"true\" width=\"32\" height=\"32\"><use xlink:href=\"#stk-icon-list__icon-svg-def-b388d47\"\/><\/svg><\/div><\/span><span class=\"stk-block-icon-list-item__text\">Kompakt, let og leveres med taske<\/span><\/div><\/li>\n<\/ul><\/div>\n<\/div><\/div><\/div>\n\n\n\n<div class=\"wp-block-stackable-column stk-block-column stk-column stk-block stk-786100b\" data-v=\"4\" data-block-id=\"786100b\"><div class=\"stk-column-wrapper stk-block-column__content stk-container stk-786100b-container stk--no-background stk--no-padding\"><div class=\"stk-block-content stk-inner-blocks stk-786100b-inner-blocks\">\n<div class=\"wp-block-stackable-image stk-block-image stk-block stk-e2a7f06\" data-block-id=\"e2a7f06\"><style>.stk-e2a7f06 .stk-img-wrapper{aspect-ratio:4\/3 !important;height:auto !important;}.stk-e2a7f06 .stk-img-wrapper img{border-radius:5px !important;}@media screen and (max-width:999px){.stk-e2a7f06 .stk-img-wrapper{height:auto !important;}}@media screen and (max-width:689px){.stk-e2a7f06 .stk-img-wrapper{height:auto !important;}}<\/style><figure><span class=\"stk-img-wrapper stk-image--shape-stretch\"><img loading=\"lazy\" decoding=\"async\" class=\"stk-img wp-image-403\" src=\"https:\/\/www.12springssports.com\/wp-content\/uploads\/2025\/03\/AirCover_Springboard_2_1024.jpg\" width=\"1024\" height=\"1024\" alt=\"\" title=\"\" srcset=\"https:\/\/www.12springssports.com\/wp-content\/uploads\/2025\/03\/AirCover_Springboard_2_1024.jpg 1024w, https:\/\/www.12springssports.com\/wp-content\/uploads\/2025\/03\/AirCover_Springboard_2_1024-300x300.jpg 300w, https:\/\/www.12springssports.com\/wp-content\/uploads\/2025\/03\/AirCover_Springboard_2_1024-150x150.jpg 150w, https:\/\/www.12springssports.com\/wp-content\/uploads\/2025\/03\/AirCover_Springboard_2_1024-768x768.jpg 768w, https:\/\/www.12springssports.com\/wp-content\/uploads\/2025\/03\/AirCover_Springboard_2_1024-500x500.jpg 500w, https:\/\/www.12springssports.com\/wp-content\/uploads\/2025\/03\/AirCover_Springboard_2_1024-600x600.jpg 600w, https:\/\/www.12springssports.com\/wp-content\/uploads\/2025\/03\/AirCover_Springboard_2_1024-100x100.jpg 100w\" sizes=\"auto, (max-width: 1024px) 100vw, 1024px\" \/><\/span><\/figure><\/div>\n<\/div><\/div><\/div>\n<\/div><\/div>\n\n<figure class=\"wp-block-embed is-type-video is-provider-youtube wp-block-embed-youtube wp-embed-aspect-16-9 wp-has-aspect-ratio\"><div class=\"wp-block-embed__wrapper\">\n<iframe loading=\"lazy\" title=\"Methodische oefeningen met de 12SPRINGS Springboard Aircover\" width=\"1290\" height=\"726\" src=\"https:\/\/www.youtube.com\/embed\/9Pww22MqewQ?feature=oembed\" frameborder=\"0\" allow=\"accelerometer; autoplay; clipboard-write; encrypted-media; gyroscope; picture-in-picture; web-share\" referrerpolicy=\"strict-origin-when-cross-origin\" allowfullscreen><\/iframe>\n<\/div><\/figure>\n","protected":false},"excerpt":{"rendered":"<p>AirCover &#8211; Springboard er perfekt til brug i kombination med ethvert springbr\u00e6t og giver en bl\u00f8d og endnu mere fjedrende overflade. Udviklet i henhold til principperne for \u00bbbl\u00f8d gymnastik\u00ab inden for KNGU for mindre fysisk belastning af atleten; b\u00e5de p\u00e5 fritids- og konkurrenceniveau. Dette Aircover er et ideelt mellemtrin og reducerer overgangen fra plankolin til springbr\u00e6t.  <\/p>\n<p>Inkluderer elektrisk pumpe og praktisk taske til opbevaring og transport.<\/p>\n<p><strong>Dimensioner: 124 cm x 60 cm x 10 cm<\/strong><\/p>\n<ul class=\"shortlist\">\n<li>  Bl\u00f8d og fjedrende metodisk hj\u00e6lp til p\u00e5 springbr\u00e6t<\/li>\n<li>Reducerer overgangen fra plankolin til planke<\/li>\n<li>Mindre belastning af leddene<\/li>\n<li>Tryk og h\u00e5rdhed kan nemt justeres<\/li>\n<li>Nem fastg\u00f8relse ved hj\u00e6lp af d-ringe og stropper<\/li>\n<\/ul>\n","protected":false},"featured_media":7479,"template":"","meta":{"_acf_changed":false,"_eb_attr":""},"product_brand":[],"product_cat":[681],"product_tag":[],"class_list":{"0":"post-7866","1":"product","2":"type-product","3":"status-publish","4":"has-post-thumbnail","6":"product_cat-metodiske-luftprodukter","7":"product_shipping_class-dpd-package","9":"first","10":"onbackorder","11":"taxable","12":"shipping-taxable","13":"product-type-variable"},"acf":[],"ct_brands":[],"_links":{"self":[{"href":"https:\/\/www.12springssports.com\/da\/wp-json\/wp\/v2\/product\/7866","targetHints":{"allow":["GET"]}}],"collection":[{"href":"https:\/\/www.12springssports.com\/da\/wp-json\/wp\/v2\/product"}],"about":[{"href":"https:\/\/www.12springssports.com\/da\/wp-json\/wp\/v2\/types\/product"}],"wp:featuredmedia":[{"embeddable":true,"href":"https:\/\/www.12springssports.com\/da\/wp-json\/wp\/v2\/media\/7479"}],"wp:attachment":[{"href":"https:\/\/www.12springssports.com\/da\/wp-json\/wp\/v2\/media?parent=7866"}],"wp:term":[{"taxonomy":"product_brand","embeddable":true,"href":"https:\/\/www.12springssports.com\/da\/wp-json\/wp\/v2\/product_brand?post=7866"},{"taxonomy":"product_cat","embeddable":true,"href":"https:\/\/www.12springssports.com\/da\/wp-json\/wp\/v2\/product_cat?post=7866"},{"taxonomy":"product_tag","embeddable":true,"href":"https:\/\/www.12springssports.com\/da\/wp-json\/wp\/v2\/product_tag?post=7866"}],"curies":[{"name":"wp","href":"https:\/\/api.w.org\/{rel}","templated":true}]}}