{"id":7761,"date":"2025-04-11T12:53:37","date_gmt":"2025-04-11T10:53:37","guid":{"rendered":"https:\/\/www.12springssports.com\/uncategorized\/airtrack-pro\/"},"modified":"2026-04-14T15:12:29","modified_gmt":"2026-04-14T13:12:29","slug":"airtrack-pro","status":"publish","type":"product","link":"https:\/\/www.12springssports.com\/da\/airtracks\/airtrack-pro\/","title":{"rendered":"Airtrack Pro"},"content":{"rendered":"\n<h2 class=\"wp-block-heading has-text-align-center\"><strong>Premium airtrack til dedikerede gymnaster<\/strong><\/h2>\n\n<p>Airtrack Pro er den tykkeste oppustelige m\u00e5tte i 12SPRINGS-sortimentet, udviklet til gymnaster og springere, der \u00f8nsker at tr\u00e6ne seri\u00f8st og sikkert \u2013 men ogs\u00e5 til begyndere, der har brug for en bl\u00f8dere affjedring for at l\u00e6re nye f\u00e6rdigheder og opbygge selvtillid. Med en h\u00f8jde p\u00e5 30 cm giver den enest\u00e5ende bounce og fremragende st\u00f8dabsorbering \u2013 perfekt til at \u00f8ve nye og kr\u00e6vende akrobatiske elementer. Takket v\u00e6re 30 cm\u2019s tykkelse reducerer Airtrack Pro belastningen p\u00e5 led og mindsker skadesrisikoen.  <\/p>\n\n<div class=\"wp-block-stackable-columns stk-block-columns stk-block stk-f7737a5\" data-block-id=\"f7737a5\"><div class=\"stk-row stk-inner-blocks stk-block-content stk-content-align stk-f7737a5-column\">\n<div class=\"wp-block-stackable-column stk-block-column stk-column stk-block stk-84f2d11\" data-v=\"4\" data-block-id=\"84f2d11\"><div class=\"stk-column-wrapper stk-block-column__content stk-container stk-84f2d11-container stk--no-background stk--no-padding\"><div class=\"stk-block-content stk-inner-blocks stk-84f2d11-inner-blocks\">\n<div class=\"wp-block-stackable-columns stk-block-columns stk-block stk-30d5dcf\" data-block-id=\"30d5dcf\"><style>.stk-30d5dcf .stk--block-align-30d5dcf{align-items:center !important;}.stk-30d5dcf {margin-bottom:60px !important;}<\/style><div class=\"stk-row stk-inner-blocks stk--block-align-30d5dcf stk-block-content stk-content-align stk-30d5dcf-column\">\n<div class=\"wp-block-stackable-column stk-block-column stk-column stk-block stk-3e03b1f\" data-v=\"4\" data-block-id=\"3e03b1f\"><style>.stk-3e03b1f {padding-top:15px !important;padding-right:15px !important;padding-bottom:15px !important;padding-left:15px !important;}@media screen and (max-width:689px){.stk-3e03b1f {padding-top:0px !important;padding-right:0px !important;padding-bottom:0px !important;padding-left:0px !important;}}<\/style><div class=\"stk-column-wrapper stk-block-column__content stk-container stk-3e03b1f-container stk--no-background stk--no-padding\"><div class=\"stk-block-content stk-inner-blocks stk-3e03b1f-inner-blocks\">\n<h3 class=\"wp-block-heading has-text-align-center\" id=\"extra-durability\">Bygget til kr\u00e6vende tr\u00e6ning<\/h3>\n\n\n\n<p>Airtrack Pro er vandt\u00e6t, skridsikker og delvist h\u00e5ndlavet af h\u00f8j kvalitet og slidst\u00e6rkt 1000D Double Wall Fabric PVC (Drop Stitch): to ydre lag med tusindvis af tr\u00e5de v\u00e6vet sammen indeni. 12SPRINGS Airtrack har desuden en kanttykkelse, der er 1,5 gange tykkere end andre airtracks, for ekstra holdbarhed og slidstyrke. <\/p>\n<\/div><\/div><\/div>\n\n\n\n<div class=\"wp-block-stackable-column stk-block-column stk-column stk-block stk-786100b\" data-v=\"4\" data-block-id=\"786100b\"><div class=\"stk-column-wrapper stk-block-column__content stk-container stk-786100b-container stk--no-background stk--no-padding\"><div class=\"stk-block-content stk-inner-blocks stk-786100b-inner-blocks\">\n<div class=\"wp-block-stackable-image stk-block-image stk-block stk-e2a7f06\" data-block-id=\"e2a7f06\"><style>.stk-e2a7f06 .stk-img-wrapper{aspect-ratio:16\/9 !important;height:auto !important;}.stk-e2a7f06 .stk-img-wrapper img{border-radius:5px !important;}@media screen and (max-width:999px){.stk-e2a7f06 .stk-img-wrapper{height:auto !important;}}@media screen and (max-width:689px){.stk-e2a7f06 .stk-img-wrapper{height:auto !important;}}<\/style><figure><span class=\"stk-img-wrapper stk-image--shape-stretch\"><img loading=\"lazy\" decoding=\"async\" class=\"stk-img wp-image-391\" src=\"https:\/\/www.12springssports.com\/wp-content\/uploads\/2025\/03\/Airtrack-Pro-12x3-Blue.jpg\" width=\"1800\" height=\"1200\" alt=\"\" title=\"\" srcset=\"https:\/\/www.12springssports.com\/wp-content\/uploads\/2025\/03\/Airtrack-Pro-12x3-Blue.jpg 1800w, https:\/\/www.12springssports.com\/wp-content\/uploads\/2025\/03\/Airtrack-Pro-12x3-Blue-300x200.jpg 300w, https:\/\/www.12springssports.com\/wp-content\/uploads\/2025\/03\/Airtrack-Pro-12x3-Blue-1024x683.jpg 1024w, https:\/\/www.12springssports.com\/wp-content\/uploads\/2025\/03\/Airtrack-Pro-12x3-Blue-768x512.jpg 768w, https:\/\/www.12springssports.com\/wp-content\/uploads\/2025\/03\/Airtrack-Pro-12x3-Blue-1536x1024.jpg 1536w, https:\/\/www.12springssports.com\/wp-content\/uploads\/2025\/03\/Airtrack-Pro-12x3-Blue-600x400.jpg 600w\" sizes=\"auto, (max-width: 1800px) 100vw, 1800px\" \/><\/span><\/figure><\/div>\n<\/div><\/div><\/div>\n<\/div><\/div>\n\n\n\n<div class=\"wp-block-stackable-columns stk-block-columns stk-block stk-a83a40b\" data-block-id=\"a83a40b\"><style>.stk-a83a40b .stk--block-align-a83a40b{align-items:center !important;}.stk-a83a40b {margin-bottom:60px !important;}@media screen and (max-width:689px){.stk-a83a40b {--stk-col-order-1:2 !important;--stk-col-order-2:1 !important;}}<\/style><div class=\"stk-row stk-inner-blocks stk--block-align-a83a40b stk-block-content stk-content-align stk-a83a40b-column\">\n<div class=\"wp-block-stackable-column stk-block-column stk-column stk-block stk-ab8ea4d\" data-v=\"4\" data-block-id=\"ab8ea4d\"><div class=\"stk-column-wrapper stk-block-column__content stk-container stk-ab8ea4d-container stk--no-background stk--no-padding\"><div class=\"stk-block-content stk-inner-blocks stk-ab8ea4d-inner-blocks\">\n<div class=\"wp-block-stackable-image stk-block-image stk-block stk-b060709\" data-block-id=\"b060709\"><style>.stk-b060709 {border-top-left-radius:5px !important;border-top-right-radius:5px !important;border-bottom-right-radius:5px !important;border-bottom-left-radius:5px !important;overflow:hidden !important;}.stk-b060709 .stk-img-wrapper{aspect-ratio:4\/3 !important;height:auto !important;}@media screen and (max-width:999px){.stk-b060709 .stk-img-wrapper{height:auto !important;}}@media screen and (max-width:689px){.stk-b060709 .stk-img-wrapper{height:auto !important;}}<\/style><figure><span class=\"stk-img-wrapper stk-image--shape-stretch\"><img loading=\"lazy\" decoding=\"async\" class=\"stk-img wp-image-589\" src=\"https:\/\/www.12springssports.com\/wp-content\/uploads\/2025\/03\/AirBox_2.jpg\" width=\"1024\" height=\"1024\" alt=\"\" title=\"\" srcset=\"https:\/\/www.12springssports.com\/wp-content\/uploads\/2025\/03\/AirBox_2.jpg 1024w, https:\/\/www.12springssports.com\/wp-content\/uploads\/2025\/03\/AirBox_2-300x300.jpg 300w, https:\/\/www.12springssports.com\/wp-content\/uploads\/2025\/03\/AirBox_2-150x150.jpg 150w, https:\/\/www.12springssports.com\/wp-content\/uploads\/2025\/03\/AirBox_2-768x768.jpg 768w, https:\/\/www.12springssports.com\/wp-content\/uploads\/2025\/03\/AirBox_2-500x500.jpg 500w, https:\/\/www.12springssports.com\/wp-content\/uploads\/2025\/03\/AirBox_2-600x600.jpg 600w, https:\/\/www.12springssports.com\/wp-content\/uploads\/2025\/03\/AirBox_2-100x100.jpg 100w\" sizes=\"auto, (max-width: 1024px) 100vw, 1024px\" \/><\/span><\/figure><\/div>\n<\/div><\/div><\/div>\n\n\n\n<div class=\"wp-block-stackable-column stk-block-column stk-column stk-block stk-0b5251e\" data-v=\"4\" data-block-id=\"0b5251e\"><style>.stk-0b5251e {padding-top:15px !important;padding-right:15px !important;padding-bottom:15px !important;padding-left:15px !important;}@media screen and (max-width:689px){.stk-0b5251e {padding-top:0px !important;padding-right:0px !important;padding-bottom:0px !important;padding-left:0px !important;}}<\/style><div class=\"stk-column-wrapper stk-block-column__content stk-container stk-0b5251e-container stk--no-background stk--no-padding\"><div class=\"stk-block-content stk-inner-blocks stk-0b5251e-inner-blocks\">\n<h3 class=\"wp-block-heading has-text-align-center\" id=\"extendable-design\">Modul\u00e6rt design til klubops\u00e6tninger<\/h3>\n\n\n\n<p>Airtrack Pro er udstyret med bl\u00f8dt velcro i enderne, s\u00e5 du nemt kan forbinde flere Airtracks eller airprodukter med 12SPRINGS-forbindelser (s\u00e6lges separat). Det giver dig fleksibilitet til at skabe st\u00f8rre og mere komplekse tr\u00e6ningsmilj\u00f8er. <\/p>\n\n\n\n<div class=\"wp-block-stackable-button-group stk-block-button-group stk-block stk-c44488d\" data-block-id=\"c44488d\"><div class=\"stk-row stk-inner-blocks has-text-align-center stk-block-content stk-button-group\">\n<div class=\"wp-block-stackable-button stk-block-button is-style-ghost stk-block stk-35c7386\" data-block-id=\"35c7386\"><style>.stk-35c7386 .stk-button{background:transparent !important;}.stk-35c7386 .stk-button:hover:after{background:transparent !important;opacity:1 !important;}:where(.stk-hover-parent:hover,  .stk-hover-parent.stk--is-hovered) .stk-35c7386 .stk-button:after{background:transparent !important;opacity:1 !important;}.stk-35c7386 .stk-button:before{border-style:solid !important;}.stk-35c7386 .stk-button .stk--inner-svg svg:last-child{margin-inline-start:0px !important;}.stk-35c7386 .stk-button__inner-text{font-size:16px !important;}@media screen and (max-width:999px){.stk-35c7386 .stk-button__inner-text{font-size:16px !important;}}<\/style><a class=\"stk-link stk-button stk--hover-effect-darken\" href=\"https:\/\/youtu.be\/CnKtOGlNTPU?si=gp35OQRJtmcK85Sq\" target=\"_blank\" rel=\"noopener\"><span class=\"stk-button__inner-text\">Se video <\/span><span class=\"stk--svg-wrapper\"><div class=\"stk--inner-svg\"><svg xmlns=\"http:\/\/www.w3.org\/2000\/svg\" viewbox=\"0 0 576 512\" aria-hidden=\"true\" width=\"32\" height=\"32\"><path d=\"M0 128C0 92.7 28.7 64 64 64H320c35.3 0 64 28.7 64 64V384c0 35.3-28.7 64-64 64H64c-35.3 0-64-28.7-64-64V128zM559.1 99.8c10.4 5.6 16.9 16.4 16.9 28.2V384c0 11.8-6.5 22.6-16.9 28.2s-23 5-32.9-1.6l-96-64L416 337.1V320 192 174.9l14.2-9.5 96-64c9.8-6.5 22.4-7.2 32.9-1.6z\"><\/path><\/svg><\/div><\/span><\/a><\/div>\n<\/div><\/div>\n<\/div><\/div><\/div>\n<\/div><\/div>\n\n\n\n<div class=\"wp-block-stackable-columns stk-block-columns stk-block stk-ad92eee\" data-block-id=\"ad92eee\"><style>.stk-ad92eee .stk--block-align-ad92eee{align-items:center !important;}.stk-ad92eee {margin-bottom:60px !important;}<\/style><div class=\"stk-row stk-inner-blocks stk--block-align-ad92eee stk-block-content stk-content-align stk-ad92eee-column\">\n<div class=\"wp-block-stackable-column stk-block-column stk-column stk-block stk-4ea6395\" data-v=\"4\" data-block-id=\"4ea6395\"><style>.stk-4ea6395 {padding-top:15px !important;padding-right:15px !important;padding-bottom:15px !important;padding-left:15px !important;}@media screen and (max-width:689px){.stk-4ea6395 {padding-top:0px !important;padding-right:0px !important;padding-bottom:0px !important;padding-left:0px !important;}}<\/style><div class=\"stk-column-wrapper stk-block-column__content stk-container stk-4ea6395-container stk--no-background stk--no-padding\"><div class=\"stk-block-content stk-inner-blocks stk-4ea6395-inner-blocks\">\n<h3 class=\"wp-block-heading has-text-align-center\" id=\"non-slip-and-waterproof\">Sikkert greb p\u00e5 alle overflader<\/h3>\n\n\n\n<p>Top og bund er behandlet for ekstra greb og hj\u00e6lper med at forhindre, at man glider. Airtracken er 100\u202f% luft- og vandt\u00e6t og sikker at bruge b\u00e5de indend\u00f8rs og udend\u00f8rs \u2013 ogs\u00e5 p\u00e5 gr\u00e6s eller i vand. <\/p>\n<\/div><\/div><\/div>\n\n\n\n<div class=\"wp-block-stackable-column stk-block-column stk-column stk-block stk-6ea9efe\" data-v=\"4\" data-block-id=\"6ea9efe\"><div class=\"stk-column-wrapper stk-block-column__content stk-container stk-6ea9efe-container stk--no-background stk--no-padding\"><div class=\"stk-block-content stk-inner-blocks stk-6ea9efe-inner-blocks\">\n<div class=\"wp-block-stackable-image stk-block-image stk-block stk-63ee9b1\" data-block-id=\"63ee9b1\"><style>.stk-63ee9b1 {border-top-left-radius:5px !important;border-top-right-radius:5px !important;border-bottom-right-radius:5px !important;border-bottom-left-radius:5px !important;overflow:hidden !important;}.stk-63ee9b1 .stk-img-wrapper{aspect-ratio:4\/3 !important;height:auto !important;}@media screen and (max-width:999px){.stk-63ee9b1 .stk-img-wrapper{height:auto !important;}}@media screen and (max-width:689px){.stk-63ee9b1 .stk-img-wrapper{height:auto !important;}}<\/style><figure><span class=\"stk-img-wrapper stk-image--shape-stretch\"><img loading=\"lazy\" decoding=\"async\" class=\"stk-img wp-image-287\" src=\"https:\/\/www.12springssports.com\/wp-content\/uploads\/2025\/01\/airtrack-inspiration_5.jpg\" width=\"1000\" height=\"750\" alt=\"\" title=\"\" srcset=\"https:\/\/www.12springssports.com\/wp-content\/uploads\/2025\/01\/airtrack-inspiration_5.jpg 1000w, https:\/\/www.12springssports.com\/wp-content\/uploads\/2025\/01\/airtrack-inspiration_5-300x225.jpg 300w, https:\/\/www.12springssports.com\/wp-content\/uploads\/2025\/01\/airtrack-inspiration_5-768x576.jpg 768w, https:\/\/www.12springssports.com\/wp-content\/uploads\/2025\/01\/airtrack-inspiration_5-500x375.jpg 500w, https:\/\/www.12springssports.com\/wp-content\/uploads\/2025\/01\/airtrack-inspiration_5-600x450.jpg 600w\" sizes=\"auto, (max-width: 1000px) 100vw, 1000px\" \/><\/span><\/figure><\/div>\n<\/div><\/div><\/div>\n<\/div><\/div>\n\n\n\n<div class=\"wp-block-stackable-columns stk-block-columns stk-block stk-1c84477\" data-block-id=\"1c84477\"><style>.stk-1c84477 .stk--block-align-1c84477{align-items:center !important;}.stk-1c84477 {margin-bottom:60px !important;}@media screen and (max-width:689px){.stk-1c84477 {--stk-col-order-1:2 !important;--stk-col-order-2:1 !important;}}<\/style><div class=\"stk-row stk-inner-blocks stk--block-align-1c84477 stk-block-content stk-content-align stk-1c84477-column\">\n<div class=\"wp-block-stackable-column stk-block-column stk-column stk-block stk-901ff6c\" data-v=\"4\" data-block-id=\"901ff6c\"><div class=\"stk-column-wrapper stk-block-column__content stk-container stk-901ff6c-container stk--no-background stk--no-padding\"><div class=\"stk-block-content stk-inner-blocks stk-901ff6c-inner-blocks\">\n<div class=\"wp-block-stackable-image stk-block-image stk-block stk-8e49574\" data-block-id=\"8e49574\"><style>.stk-8e49574 {border-top-left-radius:5px !important;border-top-right-radius:5px !important;border-bottom-right-radius:5px !important;border-bottom-left-radius:5px !important;overflow:hidden !important;}.stk-8e49574 .stk-img-wrapper{aspect-ratio:4\/3 !important;height:auto !important;}@media screen and (max-width:999px){.stk-8e49574 .stk-img-wrapper{height:auto !important;}}@media screen and (max-width:689px){.stk-8e49574 .stk-img-wrapper{height:auto !important;}}<\/style><figure><span class=\"stk-img-wrapper stk-image--shape-stretch\"><img loading=\"lazy\" decoding=\"async\" class=\"stk-img wp-image-167\" src=\"https:\/\/www.12springssports.com\/wp-content\/uploads\/2025\/01\/anti-glide.webp\" width=\"960\" height=\"720\" alt=\"\" title=\"\" srcset=\"https:\/\/www.12springssports.com\/wp-content\/uploads\/2025\/01\/anti-glide.webp 960w, https:\/\/www.12springssports.com\/wp-content\/uploads\/2025\/01\/anti-glide-300x225.webp 300w, https:\/\/www.12springssports.com\/wp-content\/uploads\/2025\/01\/anti-glide-768x576.webp 768w, https:\/\/www.12springssports.com\/wp-content\/uploads\/2025\/01\/anti-glide-500x375.webp 500w, https:\/\/www.12springssports.com\/wp-content\/uploads\/2025\/01\/anti-glide-600x450.webp 600w\" sizes=\"auto, (max-width: 960px) 100vw, 960px\" \/><\/span><\/figure><\/div>\n<\/div><\/div><\/div>\n\n\n\n<div class=\"wp-block-stackable-column stk-block-column stk-column stk-block stk-8331cc5\" data-v=\"4\" data-block-id=\"8331cc5\"><style>.stk-8331cc5 {padding-top:15px !important;padding-right:15px !important;padding-bottom:15px !important;padding-left:15px !important;}@media screen and (max-width:689px){.stk-8331cc5 {padding-top:0px !important;padding-right:0px !important;padding-bottom:0px !important;padding-left:0px !important;}}<\/style><div class=\"stk-column-wrapper stk-block-column__content stk-container stk-8331cc5-container stk--no-background stk--no-padding\"><div class=\"stk-block-content stk-inner-blocks stk-8331cc5-inner-blocks\">\n<h3 class=\"wp-block-heading has-text-align-center\" id=\"reinforced-edges\">Holdbar, hvor det betyder noget<\/h3>\n\n\n\n<p>Den Airtrack Pro er delvist h\u00e5ndlavet af slidst\u00e6rkt 1000D Double Wall Fabric PVC (Drop Stitch) af h\u00f8j kvalitet: to ydre lag med tusindvis af ledninger forbundet indeni. 12SPRINGS Airtrack har ogs\u00e5 en kanttykkelse, der er ikke mindre end 1,5 gange tykkere end andre Airtracks for ekstra holdbarhed og slidstyrke. <\/p>\n<\/div><\/div><\/div>\n<\/div><\/div>\n\n\n\n<div class=\"wp-block-stackable-columns stk-block-columns stk-block stk-a13fe5f\" data-block-id=\"a13fe5f\"><style>.stk-a13fe5f .stk--block-align-a13fe5f{align-items:center !important;}.stk-a13fe5f {margin-bottom:60px !important;}<\/style><div class=\"stk-row stk-inner-blocks stk--block-align-a13fe5f stk-block-content stk-content-align stk-a13fe5f-column\">\n<div class=\"wp-block-stackable-column stk-block-column stk-column stk-block stk-43a8637\" data-v=\"4\" data-block-id=\"43a8637\"><style>.stk-43a8637 {padding-top:15px !important;padding-right:15px !important;padding-bottom:15px !important;padding-left:15px !important;}@media screen and (max-width:689px){.stk-43a8637 {padding-top:0px !important;padding-right:0px !important;padding-bottom:0px !important;padding-left:0px !important;}}<\/style><div class=\"stk-column-wrapper stk-block-column__content stk-container stk-43a8637-container stk--no-background stk--no-padding\"><div class=\"stk-block-content stk-inner-blocks stk-43a8637-inner-blocks\">\n<h3 class=\"wp-block-heading has-text-align-center\" id=\"ready-to-use\">Hurtig ops\u00e6tning, seri\u00f8s performance<\/h3>\n\n\n\n<p>Hver Airtrack Pro leveres med en kraftig 1200W elektrisk pumpe til hurtig oppustning og t\u00f8mning samt et reparationss\u00e6t til eventuelle fremtidige huller. De bl\u00f8de nylonh\u00e5ndtag g\u00f8r det nemt at flytte og placere Airtrack, selv i st\u00f8rre st\u00f8rrelser. <\/p>\n<\/div><\/div><\/div>\n\n\n\n<div class=\"wp-block-stackable-column stk-block-column stk-column stk-block stk-a3e60aa\" data-v=\"4\" data-block-id=\"a3e60aa\"><div class=\"stk-column-wrapper stk-block-column__content stk-container stk-a3e60aa-container stk--no-background stk--no-padding\"><div class=\"stk-block-content stk-inner-blocks stk-a3e60aa-inner-blocks\">\n<div class=\"wp-block-stackable-image stk-block-image stk-block stk-f9708ee\" data-block-id=\"f9708ee\"><style>.stk-f9708ee {border-top-left-radius:5px !important;border-top-right-radius:5px !important;border-bottom-right-radius:5px !important;border-bottom-left-radius:5px !important;overflow:hidden !important;}.stk-f9708ee .stk-img-wrapper{aspect-ratio:4\/3 !important;height:auto !important;}@media screen and (max-width:999px){.stk-f9708ee .stk-img-wrapper{height:auto !important;}}@media screen and (max-width:689px){.stk-f9708ee .stk-img-wrapper{height:auto !important;}}<\/style><figure><span class=\"stk-img-wrapper stk-image--shape-stretch\"><img loading=\"lazy\" decoding=\"async\" class=\"stk-img wp-image-286\" src=\"https:\/\/www.12springssports.com\/wp-content\/uploads\/2025\/01\/airtrack-inspiration_1.jpg\" width=\"1000\" height=\"750\" alt=\"\" title=\"\" srcset=\"https:\/\/www.12springssports.com\/wp-content\/uploads\/2025\/01\/airtrack-inspiration_1.jpg 1000w, https:\/\/www.12springssports.com\/wp-content\/uploads\/2025\/01\/airtrack-inspiration_1-300x225.jpg 300w, https:\/\/www.12springssports.com\/wp-content\/uploads\/2025\/01\/airtrack-inspiration_1-768x576.jpg 768w, https:\/\/www.12springssports.com\/wp-content\/uploads\/2025\/01\/airtrack-inspiration_1-500x375.jpg 500w, https:\/\/www.12springssports.com\/wp-content\/uploads\/2025\/01\/airtrack-inspiration_1-600x450.jpg 600w\" sizes=\"auto, (max-width: 1000px) 100vw, 1000px\" \/><\/span><\/figure><\/div>\n<\/div><\/div><\/div>\n<\/div><\/div>\n\n\n\n<div class=\"wp-block-stackable-columns stk-block-columns stk-block stk-c8b82f8\" id=\"reach\" data-block-id=\"c8b82f8\"><style>.stk-c8b82f8 .stk--block-align-c8b82f8{align-items:center !important;}.stk-c8b82f8 {margin-bottom:60px !important;}@media screen and (max-width:689px){.stk-c8b82f8 {--stk-col-order-1:2 !important;--stk-col-order-2:1 !important;}}<\/style><div class=\"stk-row stk-inner-blocks stk--block-align-c8b82f8 stk-block-content stk-content-align stk-c8b82f8-column\">\n<div class=\"wp-block-stackable-column stk-block-column stk-column stk-block stk-c07d2a6\" data-v=\"4\" data-block-id=\"c07d2a6\"><div class=\"stk-column-wrapper stk-block-column__content stk-container stk-c07d2a6-container stk--no-background stk--no-padding\"><div class=\"stk-block-content stk-inner-blocks stk-c07d2a6-inner-blocks\">\n<div class=\"wp-block-stackable-image stk-block-image stk-block stk-f431232\" data-block-id=\"f431232\"><style>.stk-f431232 {border-top-left-radius:5px !important;border-top-right-radius:5px !important;border-bottom-right-radius:5px !important;border-bottom-left-radius:5px !important;overflow:hidden !important;}<\/style><figure><span class=\"stk-img-wrapper stk-image--shape-stretch\"><img loading=\"lazy\" decoding=\"async\" class=\"stk-img wp-image-170\" src=\"https:\/\/www.12springssports.com\/wp-content\/uploads\/2025\/01\/REACH-airtracks-2.webp\" width=\"800\" height=\"533\" alt=\"\" title=\"\" srcset=\"https:\/\/www.12springssports.com\/wp-content\/uploads\/2025\/01\/REACH-airtracks-2.webp 800w, https:\/\/www.12springssports.com\/wp-content\/uploads\/2025\/01\/REACH-airtracks-2-300x200.webp 300w, https:\/\/www.12springssports.com\/wp-content\/uploads\/2025\/01\/REACH-airtracks-2-768x512.webp 768w, https:\/\/www.12springssports.com\/wp-content\/uploads\/2025\/01\/REACH-airtracks-2-600x400.webp 600w\" sizes=\"auto, (max-width: 800px) 100vw, 800px\" \/><\/span><\/figure><\/div>\n<\/div><\/div><\/div>\n\n\n\n<div class=\"wp-block-stackable-column stk-block-column stk-column stk-block stk-ab56bbb\" data-v=\"4\" data-block-id=\"ab56bbb\"><style>.stk-ab56bbb {padding-top:15px !important;padding-right:15px !important;padding-bottom:15px !important;padding-left:15px !important;}@media screen and (max-width:689px){.stk-ab56bbb {padding-top:0px !important;padding-right:0px !important;padding-bottom:0px !important;padding-left:0px !important;}}<\/style><div class=\"stk-column-wrapper stk-block-column__content stk-container stk-ab56bbb-container stk--no-background stk--no-padding\"><div class=\"stk-block-content stk-inner-blocks stk-ab56bbb-inner-blocks\">\n<h3 class=\"wp-block-heading has-text-align-center\" id=\"reach-certified\">Testet for sundhed og sikkerhed<\/h3>\n\n\n\n<p>Alle 12SPRINGS Airtracks er blevet testet for tilstedev\u00e6relsen af skadelige stoffer og fundet sikre for brugere og milj\u00f8 i henhold til REACH-forordningen.<\/p>\n\n\n\n<div class=\"wp-block-stackable-image stk-block-image stk-block stk-33458a4\" data-block-id=\"33458a4\"><style>.stk-33458a4 .stk-img-wrapper{width:100px !important;}<\/style><figure><span class=\"stk-img-wrapper stk-image--shape-stretch\"><img loading=\"lazy\" decoding=\"async\" class=\"stk-img wp-image-235\" src=\"https:\/\/www.12springssports.com\/wp-content\/uploads\/2025\/01\/Reach-compliant-logo-1.jpg\" width=\"1033\" height=\"908\" alt=\"\" title=\"\" srcset=\"https:\/\/www.12springssports.com\/wp-content\/uploads\/2025\/01\/Reach-compliant-logo-1.jpg 1033w, https:\/\/www.12springssports.com\/wp-content\/uploads\/2025\/01\/Reach-compliant-logo-1-300x264.jpg 300w, https:\/\/www.12springssports.com\/wp-content\/uploads\/2025\/01\/Reach-compliant-logo-1-1024x900.jpg 1024w, https:\/\/www.12springssports.com\/wp-content\/uploads\/2025\/01\/Reach-compliant-logo-1-768x675.jpg 768w, https:\/\/www.12springssports.com\/wp-content\/uploads\/2025\/01\/Reach-compliant-logo-1-600x527.jpg 600w\" sizes=\"auto, (max-width: 1033px) 100vw, 1033px\" \/><\/span><\/figure><\/div>\n<\/div><\/div><\/div>\n<\/div><\/div>\n<\/div><\/div><\/div>\n<\/div><\/div>\n","protected":false},"excerpt":{"rendered":"<p>Airtrack Pro er designet til atleter i alle aldre og niveauer, som s\u00f8ger maksimal springkraft og ydeevne. Med en tykkelse p\u00e5 30 cm giver den fremragende bounce, hvilket g\u00f8r den ideel til alle slags form\u00e5l. Du kan justere trykket \u2013 lavt tryk (en bl\u00f8dere airtrack) er ideel til at l\u00e6re nye f\u00e6rdigheder, mens h\u00f8jt tryk er perfekt til erfarne gymnaster og springere, der \u00f8nsker optimal h\u00f8jde og kontrol.  <\/p>\n<p><strong>Dimensioner: 2-3 m bred, 10-15 m lang, 30 cm tyk<\/strong><\/p>\n<ul class=\"shortlist\">\n<li>F\u00f8rsteklasses kvalitet til en konkurrencedygtig pris<\/li>\n<li>30 cm tyk for ekstra springkraft<\/li>\n<li>Kan bruges indend\u00f8rs og udend\u00f8rs<\/li>\n<li><a href=\"#reach\">REACH-certificeret<\/a> (fri for skadelige stoffer)<\/li>\n<li>3 \u00e5rs garanti p\u00e5 produktionsfejl<\/li>\n<li>Udstyret med 2 ventiler og h\u00e5ndtag<\/li>\n<li>Inkluderer 1200W elektrisk pumpe*, transporttaske og reparationss\u00e6t<\/li>\n<\/ul>\n<p>Vi anbefaler at bestille en ekstra 1200W-pumpe, s\u00e5 Airtrack fyldes eller t\u00f8mmes endnu hurtigere.<\/p>\n","protected":false},"featured_media":7762,"template":"","meta":{"_acf_changed":false,"_eb_attr":""},"product_brand":[],"product_cat":[638,780],"product_tag":[667],"class_list":{"0":"post-7761","1":"product","2":"type-product","3":"status-publish","4":"has-post-thumbnail","6":"product_cat-airtracks","7":"product_cat-airprodukter","8":"product_tag-gymnastik","9":"product_shipping_class-mainfreight-full-euro-pallet-1","11":"first","12":"instock","13":"taxable","14":"shipping-taxable","15":"product-type-variable"},"acf":[],"ct_brands":[],"_links":{"self":[{"href":"https:\/\/www.12springssports.com\/da\/wp-json\/wp\/v2\/product\/7761","targetHints":{"allow":["GET"]}}],"collection":[{"href":"https:\/\/www.12springssports.com\/da\/wp-json\/wp\/v2\/product"}],"about":[{"href":"https:\/\/www.12springssports.com\/da\/wp-json\/wp\/v2\/types\/product"}],"wp:featuredmedia":[{"embeddable":true,"href":"https:\/\/www.12springssports.com\/da\/wp-json\/wp\/v2\/media\/7762"}],"wp:attachment":[{"href":"https:\/\/www.12springssports.com\/da\/wp-json\/wp\/v2\/media?parent=7761"}],"wp:term":[{"taxonomy":"product_brand","embeddable":true,"href":"https:\/\/www.12springssports.com\/da\/wp-json\/wp\/v2\/product_brand?post=7761"},{"taxonomy":"product_cat","embeddable":true,"href":"https:\/\/www.12springssports.com\/da\/wp-json\/wp\/v2\/product_cat?post=7761"},{"taxonomy":"product_tag","embeddable":true,"href":"https:\/\/www.12springssports.com\/da\/wp-json\/wp\/v2\/product_tag?post=7761"}],"curies":[{"name":"wp","href":"https:\/\/api.w.org\/{rel}","templated":true}]}}