{"id":7732,"date":"2025-03-06T07:22:19","date_gmt":"2025-03-06T06:22:19","guid":{"rendered":"https:\/\/www.12springssports.com\/Ikke%20kategoriseret\/antislip-mat\/"},"modified":"2026-04-14T13:19:34","modified_gmt":"2026-04-14T11:19:34","slug":"antislip-mat","status":"publish","type":"product","link":"https:\/\/www.12springssports.com\/da\/airprodukter\/tilbehor\/antislip-mat\/","title":{"rendered":"Antislip mat"},"content":{"rendered":"\n<h2 class=\"wp-block-heading has-text-align-center\">Beskyttelse af din Airtrack indend\u00f8rs og udend\u00f8rs<\/h2>\n\n<p><strong>Indend\u00f8rs: <\/strong>Perfekt til brug af din Airtrack indend\u00f8rs for at holde den stabil p\u00e5 et glat gulv. Antislip-m\u00e5tten beskytter ogs\u00e5 dit gulv, hvis Airtrack f.eks. har v\u00e6ret brugt udend\u00f8rs og ikke er blevet rengjort ordentligt. <\/p>\n\n<p><strong>Udend\u00f8rs:<\/strong> Alle 12SPRINGS Airtracks er lavet af de bedste materialer og er designet til at modst\u00e5 tunge belastninger. Men nogle gange kan en lille sten i hegnet v\u00e6re nok til at for\u00e5rsage et hul p\u00e5 samme sted. Antislip-m\u00e5tten fungerer s\u00e5 som et beskyttende lag mellem Airtrack og jorden.  <\/p>\n\n<p><\/p>\n","protected":false},"excerpt":{"rendered":"<p>Skridsikker m\u00e5tte til at l\u00e6gge under din Airtrack for at forhindre udskridning og un\u00f8dig slitage p\u00e5 Airtrack. Kan bruges b\u00e5de indend\u00f8rs og udend\u00f8rs. <\/p>\n<ul>\n<li>For mere sikkerhed indend\u00f8rs<\/li>\n<li>Beskytter gulvet mod ridser<\/li>\n<li>Beskytter din Airtrack udend\u00f8rs<\/li>\n<\/ul>\n<p>Tykkelsen p\u00e5 m\u00e5tten er 3 mm, og du v\u00e6lger den bredde og l\u00e6ngde, der passer til din Airtrack.<\/p>\n","protected":false},"featured_media":7740,"template":"","meta":{"_acf_changed":false,"_eb_attr":""},"product_brand":[],"product_cat":[645],"product_tag":[],"class_list":{"0":"post-7732","1":"product","2":"type-product","3":"status-publish","4":"has-post-thumbnail","6":"product_cat-tilbehor","7":"product_shipping_class-accessories","9":"first","10":"instock","11":"taxable","12":"shipping-taxable","13":"purchasable","14":"product-type-variable"},"acf":[],"ct_brands":[],"_links":{"self":[{"href":"https:\/\/www.12springssports.com\/da\/wp-json\/wp\/v2\/product\/7732","targetHints":{"allow":["GET"]}}],"collection":[{"href":"https:\/\/www.12springssports.com\/da\/wp-json\/wp\/v2\/product"}],"about":[{"href":"https:\/\/www.12springssports.com\/da\/wp-json\/wp\/v2\/types\/product"}],"wp:featuredmedia":[{"embeddable":true,"href":"https:\/\/www.12springssports.com\/da\/wp-json\/wp\/v2\/media\/7740"}],"wp:attachment":[{"href":"https:\/\/www.12springssports.com\/da\/wp-json\/wp\/v2\/media?parent=7732"}],"wp:term":[{"taxonomy":"product_brand","embeddable":true,"href":"https:\/\/www.12springssports.com\/da\/wp-json\/wp\/v2\/product_brand?post=7732"},{"taxonomy":"product_cat","embeddable":true,"href":"https:\/\/www.12springssports.com\/da\/wp-json\/wp\/v2\/product_cat?post=7732"},{"taxonomy":"product_tag","embeddable":true,"href":"https:\/\/www.12springssports.com\/da\/wp-json\/wp\/v2\/product_tag?post=7732"}],"curies":[{"name":"wp","href":"https:\/\/api.w.org\/{rel}","templated":true}]}}