{"id":7417,"date":"2025-03-18T16:19:23","date_gmt":"2025-03-18T15:19:23","guid":{"rendered":"https:\/\/www.12springssports.com\/Ikke%20kategoriseret\/akrobat-mini-gym-trampoline\/"},"modified":"2025-06-09T15:39:35","modified_gmt":"2025-06-09T13:39:35","slug":"akrobat-mini-gym-trampoline","status":"publish","type":"product","link":"https:\/\/www.12springssports.com\/da\/trampoliner-til-gymnaster\/akrobat-mini-gym-trampoline\/","title":{"rendered":"Akrobat Mini-Gym Trampoline"},"content":{"rendered":"\n<div class=\"wp-block-stackable-columns stk-block-columns stk-block stk-3770e99\" data-block-id=\"3770e99\"><div class=\"stk-row stk-inner-blocks stk-block-content stk-content-align stk-3770e99-column\">\n<div class=\"wp-block-stackable-column stk-block-column stk-column stk-block stk-2f52435\" data-v=\"4\" data-block-id=\"2f52435\"><div class=\"stk-column-wrapper stk-block-column__content stk-container stk-2f52435-container stk--no-background stk--no-padding\"><div class=\"stk-block-content stk-inner-blocks stk-2f52435-inner-blocks\">\n<h2 class=\"wp-block-heading has-text-align-center\">Den perfekte gymnastikpartner<\/h2>\n\n\n\n<div class=\"wp-block-stackable-text stk-block-text stk-block stk-3bb2dea springs-product-intro\" data-block-id=\"3bb2dea\"><p class=\"stk-block-text__text\">Akrobat Minitramp er en gymnastiktrampolin af h\u00f8j kvalitet, der er designet til atleter i alle aldre og p\u00e5 alle niveauer. Uanset om den bruges til gymnastik, fitnesstr\u00e6ning eller genoptr\u00e6ning, giver den en dynamisk og kontrolleret hoppeoplevelse. Dens kompakte og justerbare design g\u00f8r den ideel til skoler, fitnesscentre og tr\u00e6ningsfaciliteter, mens dens robuste konstruktion sikrer lang holdbarhed. Denne trampoline er certificeret i henhold til DIN 13219 og EN 913 og opfylder de h\u00f8jeste krav til sikkerhed og ydeevne og er et p\u00e5lideligt og alsidigt v\u00e6rkt\u00f8j til professionel brug og fritidsbrug.   <\/p><\/div>\n<\/div><\/div><\/div>\n<\/div><\/div>\n\n<div class=\"wp-block-essential-blocks-advanced-video root-eb-advanced-video-sdczq\"><div class=\"eb-parent-wrapper eb-parent-eb-advanced-video-sdczq \"><div class=\"eb-advanced-video-wrapper eb-advanced-video-sdczq none\" data-id=\"eb-advanced-video-sdczq\"><div class=\"eb-player-wrapper eb-advanced-video-sdczq\"><div class=\"eb-player-option none right\" data-id=\"eb-advanced-video-sdczq\" data-url=\"https:\/\/vimeo.com\/878638726\" data-option=\"none\" data-controls=\"true\" data-loop=\"false\" data-muted=\"false\" data-playing=\"false\" data-overlay=\"false\" data-light=\"https:\/\/www.12springssports.com\/wp-content\/plugins\/essential-blocks\/assets\/images\/adv-video-placeholder.png\" data-customplayicontype=\"image\" data-customplayiconlib=\"fas fa-play-circle\" data-customplayicon=\"true\" data-playicon=\"https:\/\/www.12springssports.com\/wp-content\/plugins\/essential-blocks\/assets\/images\/adv-video-playicon.svg\" data-download=\"false\"><\/div><\/div><\/div><\/div><\/div>\n\n<div class=\"wp-block-stackable-spacer stk-block-spacer stk--no-padding stk-block stk-bdc2cad\" data-block-id=\"bdc2cad\"><\/div>\n\n<div class=\"wp-block-stackable-columns stk-block-columns stk-block stk-f7737a5\" data-block-id=\"f7737a5\"><style>.stk-f7737a5 {margin-bottom:30px !important;}<\/style><div class=\"stk-row stk-inner-blocks stk-block-content stk-content-align stk-f7737a5-column\">\n<div class=\"wp-block-stackable-column stk-block-column stk-column stk-block stk-84f2d11\" data-v=\"4\" data-block-id=\"84f2d11\"><div class=\"stk-column-wrapper stk-block-column__content stk-container stk-84f2d11-container stk--no-background stk--no-padding\"><div class=\"stk-block-content stk-inner-blocks stk-84f2d11-inner-blocks\">\n<div class=\"wp-block-stackable-columns stk-block-columns stk-block stk-30d5dcf\" data-block-id=\"30d5dcf\"><style>.stk-30d5dcf .stk--block-align-30d5dcf{align-items:center !important;}.stk-30d5dcf {margin-bottom:60px !important;}<\/style><div class=\"stk-row stk-inner-blocks stk--block-align-30d5dcf stk-block-content stk-content-align stk-30d5dcf-column\">\n<div class=\"wp-block-stackable-column stk-block-column stk-column stk-block stk-3e03b1f\" data-v=\"4\" data-block-id=\"3e03b1f\"><style>.stk-3e03b1f {padding-top:15px !important;padding-right:15px !important;padding-bottom:15px !important;padding-left:15px !important;}@media screen and (max-width:689px){.stk-3e03b1f {padding-top:0px !important;padding-right:0px !important;padding-bottom:0px !important;padding-left:0px !important;}}<\/style><div class=\"stk-column-wrapper stk-block-column__content stk-container stk-3e03b1f-container stk--no-background stk--no-padding\"><div class=\"stk-block-content stk-inner-blocks stk-3e03b1f-inner-blocks\">\n<h3 class=\"wp-block-heading has-text-align-center\">Designet til alle atleter<\/h3>\n\n\n\n<p>Akrobat Minitramp passer til alle fra unge begyndere til professionelle atleter. Den hj\u00e6lper gymnaster med at forfine deres f\u00e6rdigheder, fitnessentusiaster med at tilf\u00f8je dynamisk bev\u00e6gelse og genoptr\u00e6ningspatienter, der har brug for kontrolleret tr\u00e6ning med lav p\u00e5virkning. Med justerbare h\u00e6ldningsindstillinger tilpasser den sig forskellige f\u00e6rdighedsniveauer, hvilket g\u00f8r den til et alsidigt redskab til at forbedre koordination, styrke og smidighed i skoler, fitnesscentre og terapicentre.  <\/p>\n<\/div><\/div><\/div>\n\n\n\n<div class=\"wp-block-stackable-column stk-block-column stk-column stk-block stk-786100b\" data-v=\"4\" data-block-id=\"786100b\"><div class=\"stk-column-wrapper stk-block-column__content stk-container stk-786100b-container stk--no-background stk--no-padding\"><div class=\"stk-block-content stk-inner-blocks stk-786100b-inner-blocks\">\n<div class=\"wp-block-stackable-image stk-block-image stk-block stk-539da17\" data-block-id=\"539da17\"><style>.stk-539da17 {border-top-left-radius:5px !important;border-top-right-radius:5px !important;border-bottom-right-radius:5px !important;border-bottom-left-radius:5px !important;overflow:hidden !important;}.stk-539da17 .stk-img-wrapper{aspect-ratio:1\/1 !important;height:auto !important;}@media screen and (max-width:999px){.stk-539da17 .stk-img-wrapper{height:auto !important;}}@media screen and (max-width:689px){.stk-539da17 .stk-img-wrapper{height:auto !important;}}<\/style><figure><span class=\"stk-img-wrapper stk-image--shape-stretch\"><img loading=\"lazy\" decoding=\"async\" class=\"stk-img wp-image-3850\" src=\"https:\/\/www.12springstrampolines.com\/wp-content\/uploads\/2025\/02\/minitrampoline2.jpg\" width=\"1024\" height=\"1024\" alt=\"\" title=\"\"><\/span><\/figure><\/div>\n<\/div><\/div><\/div>\n<\/div><\/div>\n\n\n\n<div class=\"wp-block-stackable-columns stk-block-columns stk-block stk-a83a40b\" data-block-id=\"a83a40b\"><style>.stk-a83a40b .stk--block-align-a83a40b{align-items:center !important;}.stk-a83a40b {margin-bottom:60px !important;}@media screen and (max-width:689px){.stk-a83a40b {--stk-col-order-1:2 !important;--stk-col-order-2:1 !important;}}<\/style><div class=\"stk-row stk-inner-blocks stk--block-align-a83a40b stk-block-content stk-content-align stk-a83a40b-column\">\n<div class=\"wp-block-stackable-column stk-block-column stk-column stk-block stk-ab8ea4d\" data-v=\"4\" data-block-id=\"ab8ea4d\"><div class=\"stk-column-wrapper stk-block-column__content stk-container stk-ab8ea4d-container stk--no-background stk--no-padding\"><div class=\"stk-block-content stk-inner-blocks stk-ab8ea4d-inner-blocks\">\n<div class=\"wp-block-stackable-image stk-block-image stk-block stk-b060709\" data-block-id=\"b060709\"><style>.stk-b060709 {border-top-left-radius:5px !important;border-top-right-radius:5px !important;border-bottom-right-radius:5px !important;border-bottom-left-radius:5px !important;overflow:hidden !important;}.stk-b060709 .stk-img-wrapper{aspect-ratio:1\/1 !important;height:auto !important;}@media screen and (max-width:999px){.stk-b060709 .stk-img-wrapper{height:auto !important;}}@media screen and (max-width:689px){.stk-b060709 .stk-img-wrapper{height:auto !important;}}<\/style><figure><span class=\"stk-img-wrapper stk-image--shape-stretch\"><img loading=\"lazy\" decoding=\"async\" class=\"stk-img wp-image-3851\" src=\"https:\/\/www.12springstrampolines.com\/wp-content\/uploads\/2025\/02\/minitrampoline3.jpg\" width=\"1024\" height=\"1024\" alt=\"\" title=\"\"><\/span><\/figure><\/div>\n<\/div><\/div><\/div>\n\n\n\n<div class=\"wp-block-stackable-column stk-block-column stk-column stk-block stk-0b5251e\" data-v=\"4\" data-block-id=\"0b5251e\"><style>.stk-0b5251e {padding-top:15px !important;padding-right:15px !important;padding-bottom:15px !important;padding-left:15px !important;}@media screen and (max-width:689px){.stk-0b5251e {padding-top:0px !important;padding-right:0px !important;padding-bottom:0px !important;padding-left:0px !important;}}<\/style><div class=\"stk-column-wrapper stk-block-column__content stk-container stk-0b5251e-container stk--no-background stk--no-padding\"><div class=\"stk-block-content stk-inner-blocks stk-0b5251e-inner-blocks\">\n<h3 class=\"wp-block-heading has-text-align-center\">Smart justerbart design<\/h3>\n\n\n\n<p>Med tre h\u00e6ldningsindstillinger<strong>(15\u00b0, 25\u00b0, 35\u00b0)<\/strong> giver den flere tr\u00e6ningsmuligheder og passer til forskellige evner. De sammenklappelige teleskopben sikrer stabilitet p\u00e5 alle overflader, samtidig med at de er nemme at transportere og opbevare. <\/p>\n<\/div><\/div><\/div>\n<\/div><\/div>\n\n\n\n<div class=\"wp-block-stackable-columns stk-block-columns stk-block stk-a13fe5f\" data-block-id=\"a13fe5f\"><style>.stk-a13fe5f .stk--block-align-a13fe5f{align-items:center !important;}.stk-a13fe5f {margin-bottom:60px !important;}<\/style><div class=\"stk-row stk-inner-blocks stk--block-align-a13fe5f stk-block-content stk-content-align stk-a13fe5f-column\">\n<div class=\"wp-block-stackable-column stk-block-column stk-column stk-block stk-43a8637\" data-v=\"4\" data-block-id=\"43a8637\"><style>.stk-43a8637 {padding-top:15px !important;padding-right:15px !important;padding-bottom:15px !important;padding-left:15px !important;}@media screen and (max-width:689px){.stk-43a8637 {padding-top:0px !important;padding-right:0px !important;padding-bottom:0px !important;padding-left:0px !important;}}<\/style><div class=\"stk-column-wrapper stk-block-column__content stk-container stk-43a8637-container stk--no-background stk--no-padding\"><div class=\"stk-block-content stk-inner-blocks stk-43a8637-inner-blocks\">\n<h3 class=\"wp-block-heading has-text-align-center\">Sikkerhed og holdbarhed i perfekt balance<\/h3>\n\n\n\n<p>Den kraftige hoppem\u00e5tte giver optimal ydeevne, mens den 30 mm tykke beskyttende polstring d\u00e6kker rammen og fjedrene for maksimal sikkerhed. Akrobat Minitramp er udstyret med 18 cm st\u00e5lfjedre og giver en enest\u00e5ende springkraft og lang holdbarhed. <\/p>\n<\/div><\/div><\/div>\n\n\n\n<div class=\"wp-block-stackable-column stk-block-column stk-column stk-block stk-a3e60aa\" data-v=\"4\" data-block-id=\"a3e60aa\"><div class=\"stk-column-wrapper stk-block-column__content stk-container stk-a3e60aa-container stk--no-background stk--no-padding\"><div class=\"stk-block-content stk-inner-blocks stk-a3e60aa-inner-blocks\">\n<div class=\"wp-block-stackable-image stk-block-image stk-block stk-f9708ee\" data-block-id=\"f9708ee\"><style>.stk-f9708ee {border-top-left-radius:5px !important;border-top-right-radius:5px !important;border-bottom-right-radius:5px !important;border-bottom-left-radius:5px !important;overflow:hidden !important;}<\/style><figure><span class=\"stk-img-wrapper stk-image--shape-stretch\"><img loading=\"lazy\" decoding=\"async\" class=\"stk-img wp-image-3852\" src=\"https:\/\/www.12springstrampolines.com\/wp-content\/uploads\/2025\/02\/minitrampoline4.jpg\" width=\"1024\" height=\"1024\" alt=\"\" title=\"\"><\/span><\/figure><\/div>\n<\/div><\/div><\/div>\n<\/div><\/div>\n<\/div><\/div><\/div>\n<\/div><\/div>\n\n<div class=\"wp-block-stackable-columns stk-block-columns stk-block stk-893de0d\" data-block-id=\"893de0d\"><style>.stk-893de0d .stk--block-align-893de0d{align-items:center !important;}.stk-893de0d-column{row-gap:30px !important;}<\/style><div class=\"stk-row stk-inner-blocks stk--block-align-893de0d stk-block-content stk-content-align stk-893de0d-column\">\n<div class=\"wp-block-stackable-column stk-block-column stk-column stk-block stk-a58d370\" data-v=\"4\" data-block-id=\"a58d370\"><style>@media screen and (min-width:690px){.stk-a58d370 {flex:var(--stk-flex-grow, 1) 1 calc(40% - var(--stk-column-gap, 0px) * 1 \/ 2 ) !important;}}<\/style><div class=\"stk-column-wrapper stk-block-column__content stk-container stk-a58d370-container stk--no-background stk--no-padding\"><div class=\"stk-block-content stk-inner-blocks stk-a58d370-inner-blocks\">\n<h3 class=\"wp-block-heading has-text-align-left\">Funktioner<\/h3>\n\n\n\n<div class=\"wp-block-stackable-icon-list stk-block-icon-list stk-block stk-c98d4c2\" data-block-id=\"c98d4c2\"><style>.stk-c98d4c2 .stk-block-icon-list-item__content{gap:14px !important;margin-inline:0 auto !important;}.stk-c98d4c2 {--stk-icon-list-marker-color:#298fc2 !important;margin-bottom:10px !important;}<\/style><svg style=\"display:none\"><defs><g id=\"stk-icon-list__icon-svg-def-c98d4c2\"><svg xmlns=\"http:\/\/www.w3.org\/2000\/svg\" viewBox=\"0 0 512 512\"><path d=\"M256 48a208 208 0 1 1 0 416 208 208 0 1 1 0-416zm0 464A256 256 0 1 0 256 0a256 256 0 1 0 0 512zM369 209c9.4-9.4 9.4-24.6 0-33.9s-24.6-9.4-33.9 0l-111 111-47-47c-9.4-9.4-24.6-9.4-33.9 0s-9.4 24.6 0 33.9l64 64c9.4 9.4 24.6 9.4 33.9 0L369 209z\"\/><\/svg><\/g><\/defs><\/svg><ul class=\"stk-block-icon-list__ul stk-block-icon-list--column\">\n<li class=\"wp-block-stackable-icon-list-item stk-block-icon-list-item stk-block stk-c4eee3b\" data-block-id=\"c4eee3b\"><div class=\"stk-block-icon-list-item__content\"><span class=\"stk--svg-wrapper\"><div class=\"stk--inner-svg\"><svg aria-hidden=\"true\" width=\"32\" height=\"32\"><use xlink:href=\"#stk-icon-list__icon-svg-def-c98d4c2\"\/><\/svg><\/div><\/span><span class=\"stk-block-icon-list-item__text\">Tre h\u00e6ldningsvinkler til varieret tr\u00e6ning<\/span><\/div><\/li>\n\n\n\n<li class=\"wp-block-stackable-icon-list-item stk-block-icon-list-item stk-block stk-c06c7e5\" data-block-id=\"c06c7e5\"><div class=\"stk-block-icon-list-item__content\"><span class=\"stk--svg-wrapper\"><div class=\"stk--inner-svg\"><svg aria-hidden=\"true\" width=\"32\" height=\"32\"><use xlink:href=\"#stk-icon-list__icon-svg-def-c98d4c2\"\/><\/svg><\/div><\/span><span class=\"stk-block-icon-list-item__text\">Fremstillet i Europa<\/span><\/div><\/li>\n\n\n\n<li class=\"wp-block-stackable-icon-list-item stk-block-icon-list-item stk-block stk-a5104cc\" data-block-id=\"a5104cc\"><div class=\"stk-block-icon-list-item__content\"><span class=\"stk--svg-wrapper\"><div class=\"stk--inner-svg\"><svg aria-hidden=\"true\" width=\"32\" height=\"32\"><use xlink:href=\"#stk-icon-list__icon-svg-def-c98d4c2\"\/><\/svg><\/div><\/span><span class=\"stk-block-icon-list-item__text\">H\u00f8jtydende AkroSpring\u00ae-fjedre<\/span><\/div><\/li>\n\n\n\n<li class=\"wp-block-stackable-icon-list-item stk-block-icon-list-item stk-block stk-7eb3f6a\" data-block-id=\"7eb3f6a\"><div class=\"stk-block-icon-list-item__content\"><span class=\"stk--svg-wrapper\"><div class=\"stk--inner-svg\"><svg aria-hidden=\"true\" width=\"32\" height=\"32\"><use xlink:href=\"#stk-icon-list__icon-svg-def-c98d4c2\"\/><\/svg><\/div><\/span><span class=\"stk-block-icon-list-item__text\">Kompakt og let at transportere<\/span><\/div><\/li>\n\n\n\n<li class=\"wp-block-stackable-icon-list-item stk-block-icon-list-item stk-block stk-fec56a1\" data-block-id=\"fec56a1\"><div class=\"stk-block-icon-list-item__content\"><span class=\"stk--svg-wrapper\"><div class=\"stk--inner-svg\"><svg aria-hidden=\"true\" width=\"32\" height=\"32\"><use xlink:href=\"#stk-icon-list__icon-svg-def-c98d4c2\"\/><\/svg><\/div><\/span><span class=\"stk-block-icon-list-item__text\">Varmgalvaniseret ramme og fjeder<\/span><\/div><\/li>\n\n\n\n<li class=\"wp-block-stackable-icon-list-item stk-block-icon-list-item stk-block stk-408316d\" data-block-id=\"408316d\"><div class=\"stk-block-icon-list-item__content\"><span class=\"stk--svg-wrapper\"><div class=\"stk--inner-svg\"><svg aria-hidden=\"true\" width=\"32\" height=\"32\"><use xlink:href=\"#stk-icon-list__icon-svg-def-c98d4c2\"\/><\/svg><\/div><\/span><span class=\"stk-block-icon-list-item__text\">Certificeret til professionel brug og genoptr\u00e6ning<\/span><\/div><\/li>\n\n\n\n<li class=\"wp-block-stackable-icon-list-item stk-block-icon-list-item stk-block stk-63032e4\" data-block-id=\"63032e4\"><div class=\"stk-block-icon-list-item__content\"><span class=\"stk--svg-wrapper\"><div class=\"stk--inner-svg\"><svg aria-hidden=\"true\" width=\"32\" height=\"32\"><use xlink:href=\"#stk-icon-list__icon-svg-def-c98d4c2\"\/><\/svg><\/div><\/span><span class=\"stk-block-icon-list-item__text\">Maks. brugerv\u00e6gt: 100 kg<\/span><\/div><\/li>\n<\/ul><\/div>\n<\/div><\/div><\/div>\n\n\n\n<div class=\"wp-block-stackable-column stk-block-column stk-column stk-block stk-d242091\" data-v=\"4\" data-block-id=\"d242091\"><style>@media screen and (min-width:690px){.stk-d242091 {flex:var(--stk-flex-grow, 1) 1 calc(60% - var(--stk-column-gap, 0px) * 1 \/ 2 ) !important;}}<\/style><div class=\"stk-column-wrapper stk-block-column__content stk-container stk-d242091-container stk--no-background stk--no-padding\"><div class=\"stk-block-content stk-inner-blocks stk-d242091-inner-blocks\">\n<div class=\"wp-block-stackable-image stk-block-image stk-block stk-ba92678\" data-block-id=\"ba92678\"><style>.stk-ba92678 .stk-img-wrapper{aspect-ratio:3\/2 !important;height:auto !important;}.stk-ba92678 .stk-img-wrapper img{border-radius:5px !important;object-position:64% 96% !important;}@media screen and (max-width:999px){.stk-ba92678 .stk-img-wrapper{height:auto !important;}}@media screen and (max-width:689px){.stk-ba92678 .stk-img-wrapper{height:auto !important;}}<\/style><figure><span class=\"stk-img-wrapper stk-image--shape-stretch\"><img loading=\"lazy\" decoding=\"async\" class=\"stk-img wp-image-3856\" src=\"https:\/\/www.12springstrampolines.com\/wp-content\/uploads\/2025\/02\/akrobat_mini-gym_anthracite-3-1.jpg\" width=\"1400\" height=\"1050\" alt=\"\" title=\"\"><\/span><\/figure><\/div>\n<\/div><\/div><\/div>\n<\/div><\/div>\n\n<p><\/p>\n","protected":false},"excerpt":{"rendered":"<p class=\"\" data-start=\"0\" data-end=\"310\">Akrobat Minitramp er en robust, justerbar trampoline, der er designet til fitnesscentre, skoler og rehabiliteringscentre. Med tre h\u00e6ldningsindstillinger og et kompakt design er den nem at transportere og velegnet til brugere p\u00e5 alle niveauer. Den er bygget til stabilitet og langvarig brug og fungerer godt p\u00e5 alle overflader.  <\/p>\n<p class=\"\" data-start=\"312\" data-end=\"336\"><strong>Dimensioner: 125 x 125 cm<\/strong><\/p>\n<ul data-start=\"338\" data-end=\"513\" data-is-last-node=\"\" data-is-only-node=\"\">\n<li class=\"\" data-start=\"338\" data-end=\"387\">\n<p class=\"\" data-start=\"340\" data-end=\"387\">Tre justerbare h\u00e6ldningsvinkler (15\u00b0, 25\u00b0, 35\u00b0)<\/p>\n<\/li>\n<li class=\"\" data-start=\"388\" data-end=\"414\">\n<p class=\"\" data-start=\"390\" data-end=\"414\">Kompakt og let at flytte<\/p>\n<\/li>\n<li class=\"\" data-start=\"415\" data-end=\"462\">\n<p class=\"\" data-start=\"417\" data-end=\"462\">Stabil og holdbar, velegnet til alle overflader<\/p>\n<\/li>\n<li class=\"\" data-start=\"463\" data-end=\"513\">\n<p class=\"\" data-start=\"465\" data-end=\"513\">Certificeret til at opfylde standarderne DIN 13219 og EN 913<\/p>\n<\/li>\n<\/ul>\n","protected":false},"featured_media":7420,"template":"","meta":{"_acf_changed":false,"_eb_attr":""},"product_brand":[198],"product_cat":[659],"product_tag":[661],"class_list":{"0":"post-7417","1":"product","2":"type-product","3":"status-publish","4":"has-post-thumbnail","6":"product_brand-akrobat","7":"product_cat-trampoliner-til-gymnaster","8":"product_tag-skoler-og-klubber","9":"product_shipping_class-mainfreight-colli-c","11":"first","12":"instock","13":"taxable","14":"shipping-taxable","15":"purchasable","16":"product-type-variable"},"acf":[],"ct_brands":[{"id":198,"name":"Akrobat","slug":"akrobat"}],"_links":{"self":[{"href":"https:\/\/www.12springssports.com\/da\/wp-json\/wp\/v2\/product\/7417","targetHints":{"allow":["GET"]}}],"collection":[{"href":"https:\/\/www.12springssports.com\/da\/wp-json\/wp\/v2\/product"}],"about":[{"href":"https:\/\/www.12springssports.com\/da\/wp-json\/wp\/v2\/types\/product"}],"wp:featuredmedia":[{"embeddable":true,"href":"https:\/\/www.12springssports.com\/da\/wp-json\/wp\/v2\/media\/7420"}],"wp:attachment":[{"href":"https:\/\/www.12springssports.com\/da\/wp-json\/wp\/v2\/media?parent=7417"}],"wp:term":[{"taxonomy":"product_brand","embeddable":true,"href":"https:\/\/www.12springssports.com\/da\/wp-json\/wp\/v2\/product_brand?post=7417"},{"taxonomy":"product_cat","embeddable":true,"href":"https:\/\/www.12springssports.com\/da\/wp-json\/wp\/v2\/product_cat?post=7417"},{"taxonomy":"product_tag","embeddable":true,"href":"https:\/\/www.12springssports.com\/da\/wp-json\/wp\/v2\/product_tag?post=7417"}],"curies":[{"name":"wp","href":"https:\/\/api.w.org\/{rel}","templated":true}]}}