{"id":13026,"date":"2026-03-21T07:11:57","date_gmt":"2026-03-21T06:11:57","guid":{"rendered":"https:\/\/www.12springssports.com\/Ikke kategoriseret\/airtrack-comfort-sd-x-12springs-edition\/"},"modified":"2026-04-14T13:19:34","modified_gmt":"2026-04-14T11:19:34","slug":"airtrack-comfort-sd-x-12springs-edition","status":"publish","type":"product","link":"https:\/\/www.12springssports.com\/da\/airprodukter\/eksklusiv-sparkle-dream-serie\/airtrack-comfort-sd-x-12springs-edition\/","title":{"rendered":"Airtrack Comfort | S&amp;D x 12SPRINGS Edition"},"content":{"rendered":"","protected":false},"excerpt":{"rendered":"<p><strong>Nyhed! 12SPRINGS har udviklet en smuk ny Airproducts-linje i samarbejde med Sparkle &amp; Dream, den popul\u00e6re leverand\u00f8r af gymnastikdragter og gymnastikt\u00f8j i Holland.   <\/strong><\/p>\n<p>Det 15 cm tykke Airtrack er vandt\u00e6t, skridsikkert og delvist h\u00e5ndlavet af slidst\u00e6rkt 1000D Double Wall Fabric PVC (Drop Stitch) af h\u00f8j kvalitet: to ydre lag med tusindvis af forbundne tr\u00e5de indeni. Airtracket har ogs\u00e5 en kanttykkelse, der er hele 1,5 gange tykkere end andre Airtracks for ekstra holdbarhed og slidstyrke. <\/p>\n<p>Dette Airtrack er bredere, hvilket g\u00f8r det lidt finere og lettere at \u00f8ve nye elementer p\u00e5 en sikker m\u00e5de.<\/p>\n<p><strong>St\u00f8rrelse<\/strong>: 3 eller 4 m lang x 1,5 m bred x 15 cm tyk<\/p>\n<p><strong>Farve<\/strong>: lysegr\u00e5 \/ lyser\u00f8d<\/p>\n<ul class=\"shortlist\">\n<li>F\u00f8rsteklasses kvalitet til en konkurrencedygtig pris<\/li>\n<li>Indend\u00f8rs og udend\u00f8rs brug<\/li>\n<li>Overholder REACH-forordningen<\/li>\n<li>3 \u00e5rs garanti p\u00e5 produktionsfejl<\/li>\n<li>Indeholder 600w elektrisk pumpe, taske og reparationss\u00e6t<\/li>\n<\/ul>\n<p><em><strong>For (klub)gymnastikdragter, gymnastikt\u00f8j og tilbeh\u00f8r tjek ud: <a href=\"http:\/\/www.sparkleanddream.nl\"><u>sparkleanddream.nl<\/u><\/a><\/strong><\/em><\/p>\n","protected":false},"featured_media":9637,"template":"","meta":{"_acf_changed":false,"_eb_attr":""},"product_brand":[],"product_cat":[941],"product_tag":[],"class_list":{"0":"post-13026","1":"product","2":"type-product","3":"status-publish","4":"has-post-thumbnail","6":"product_cat-eksklusiv-sparkle-dream-serie","7":"product_shipping_class-dpd-package","9":"first","10":"instock","11":"taxable","12":"shipping-taxable","13":"purchasable","14":"product-type-variable"},"acf":[],"ct_brands":[],"_links":{"self":[{"href":"https:\/\/www.12springssports.com\/da\/wp-json\/wp\/v2\/product\/13026","targetHints":{"allow":["GET"]}}],"collection":[{"href":"https:\/\/www.12springssports.com\/da\/wp-json\/wp\/v2\/product"}],"about":[{"href":"https:\/\/www.12springssports.com\/da\/wp-json\/wp\/v2\/types\/product"}],"wp:featuredmedia":[{"embeddable":true,"href":"https:\/\/www.12springssports.com\/da\/wp-json\/wp\/v2\/media\/9637"}],"wp:attachment":[{"href":"https:\/\/www.12springssports.com\/da\/wp-json\/wp\/v2\/media?parent=13026"}],"wp:term":[{"taxonomy":"product_brand","embeddable":true,"href":"https:\/\/www.12springssports.com\/da\/wp-json\/wp\/v2\/product_brand?post=13026"},{"taxonomy":"product_cat","embeddable":true,"href":"https:\/\/www.12springssports.com\/da\/wp-json\/wp\/v2\/product_cat?post=13026"},{"taxonomy":"product_tag","embeddable":true,"href":"https:\/\/www.12springssports.com\/da\/wp-json\/wp\/v2\/product_tag?post=13026"}],"curies":[{"name":"wp","href":"https:\/\/api.w.org\/{rel}","templated":true}]}}