{"id":8184,"date":"2025-04-03T16:56:23","date_gmt":"2025-04-03T14:56:23","guid":{"rendered":"https:\/\/www.12springssports.com\/garanti\/"},"modified":"2025-06-10T15:46:24","modified_gmt":"2025-06-10T13:46:24","slug":"garanti","status":"publish","type":"page","link":"https:\/\/www.12springssports.com\/da\/garanti\/","title":{"rendered":"Garanti"},"content":{"rendered":"\n<h2 class=\"wp-block-heading\">P\u00e5ber\u00e5be sig nogen form for garanti:<\/h2>\n\n<ul class=\"wp-block-list\">\n<li>Indberet f\u00f8rst din klage <a href=\"https:\/\/www.12springssports.com\/da\/kontakt-os\/\">via e-mail eller telefon<\/a> der, hvor du har k\u00f8bt produktet. (Glem ikke at angive dit telefonnummer) <\/li>\n\n\n\n<li>Du skal bruge et k\u00f8bsbevis (fakturaen)<\/li>\n\n\n\n<li>Beskriv venligst problemet tydeligt i din e-mail<\/li>\n\n\n\n<li>For hurtigere h\u00e5ndtering: Send venligst fotos, der tydeligt viser problemet.<\/li>\n\n\n\n<li>Hvis det er n\u00f8dvendigt, skal det defekte produkt sendes til teknisk service til inspektion eller reparation. Hvis der er sendt fotos, er dette i nogle tilf\u00e6lde ikke l\u00e6ngere n\u00f8dvendigt. <\/li>\n\n\n\n<li>Derefter vurderes det, om problemet\/defekten er d\u00e6kket af garantien.<\/li>\n<\/ul>\n\n<p><\/p>\n","protected":false},"excerpt":{"rendered":"<p>P\u00e5ber\u00e5be sig nogen form for garanti:<\/p>\n","protected":false},"author":3,"featured_media":0,"parent":0,"menu_order":11,"comment_status":"closed","ping_status":"closed","template":"","meta":{"_acf_changed":false,"_eb_attr":"","footnotes":""},"class_list":["post-8184","page","type-page","status-publish","hentry"],"blocksy_meta":[],"acf":[],"_links":{"self":[{"href":"https:\/\/www.12springssports.com\/da\/wp-json\/wp\/v2\/pages\/8184","targetHints":{"allow":["GET"]}}],"collection":[{"href":"https:\/\/www.12springssports.com\/da\/wp-json\/wp\/v2\/pages"}],"about":[{"href":"https:\/\/www.12springssports.com\/da\/wp-json\/wp\/v2\/types\/page"}],"author":[{"embeddable":true,"href":"https:\/\/www.12springssports.com\/da\/wp-json\/wp\/v2\/users\/3"}],"replies":[{"embeddable":true,"href":"https:\/\/www.12springssports.com\/da\/wp-json\/wp\/v2\/comments?post=8184"}],"version-history":[{"count":0,"href":"https:\/\/www.12springssports.com\/da\/wp-json\/wp\/v2\/pages\/8184\/revisions"}],"wp:attachment":[{"href":"https:\/\/www.12springssports.com\/da\/wp-json\/wp\/v2\/media?parent=8184"}],"curies":[{"name":"wp","href":"https:\/\/api.w.org\/{rel}","templated":true}]}}